{"id":225333,"date":"2023-09-29T09:44:37","date_gmt":"2023-09-29T09:44:37","guid":{"rendered":"https:\/\/rreachtraining.org\/homepage-2\/"},"modified":"2025-04-02T13:59:50","modified_gmt":"2025-04-02T13:59:50","slug":"homepage-2","status":"publish","type":"page","link":"https:\/\/rreachtraining.org\/es\/","title":{"rendered":"Homepage"},"content":{"rendered":"<p>[et_pb_section fb_built=\u00bb1&#8243; fullwidth=\u00bbon\u00bb _builder_version=\u00bb4.22.2&#8243; _module_preset=\u00bbdefault\u00bb global_colors_info=\u00bb{}\u00bb][et_pb_fullwidth_header title=\u00bbCAPACITACI\u00d3N RREACH\u00bb subhead=\u00bbLos cursos de RREACH ofrecen un selecto n\u00famero de cursos en l\u00ednea que han sido desarrollados, producidos y mejorados a partir del contenido did\u00e1ctico de Ramesh Richard.\u00bb text_orientation=\u00bbcenter\u00bb header_fullscreen=\u00bbon\u00bb button_one_text=\u00bbEXPLORAR\u00bb content_max_width=\u00bb101%\u00bb _builder_version=\u00bb4.22.2&#8243; _module_preset=\u00bbdefault\u00bb title_font=\u00bbRoboto|700|||||||\u00bb title_font_size=\u00bb62px\u00bb subhead_font=\u00bbRoboto||||||||\u00bb subhead_font_size=\u00bb22px\u00bb background_enable_color=\u00bboff\u00bb background_image=\u00bbhttps:\/\/rreachtraining.org\/wp-content\/uploads\/2023\/09\/banner_new-copy.png\u00bb parallax=\u00bbon\u00bb custom_button_one=\u00bbon\u00bb button_one_text_size=\u00bb19px\u00bb button_one_bg_color=\u00bb#143c5e\u00bb button_one_font=\u00bb|700|||||||\u00bb button_one_use_icon=\u00bboff\u00bb title_text_shadow_style=\u00bbpreset2&#8243; subhead_text_shadow_style=\u00bbpreset2&#8243; global_colors_info=\u00bb{}\u00bb button_one_bg_color__hover_enabled=\u00bbon|hover\u00bb button_one_bg_color__hover=\u00bb#D6D6D6&#8243; button_one_bg_enable_color__hover=\u00bbon\u00bb][\/et_pb_fullwidth_header][\/et_pb_section][et_pb_section fb_built=\u00bb1&#8243; _builder_version=\u00bb4.22.2&#8243; _module_preset=\u00bbdefault\u00bb global_colors_info=\u00bb{}\u00bb][et_pb_row _builder_version=\u00bb4.22.2&#8243; _module_preset=\u00bbdefault\u00bb global_colors_info=\u00bb{}\u00bb][et_pb_column type=\u00bb4_4&#8243; _builder_version=\u00bb4.22.2&#8243; _module_preset=\u00bbdefault\u00bb global_colors_info=\u00bb{}\u00bb][et_pb_video src=\u00bbhttps:\/\/rreachtraining.org\/wp-content\/uploads\/2023\/11\/RReach-TRAINING-Courses-Promo-Video-Optimized.mp4&#8243; _builder_version=\u00bb4.23.1&#8243; _module_preset=\u00bbdefault\u00bb global_colors_info=\u00bb{}\u00bb][\/et_pb_video][et_pb_text _builder_version=\u00bb4.23.1&#8243; _module_preset=\u00bb21031e33-5f14-466d-9050-725bd19cf06e\u00bb custom_margin=\u00bb51px||0px||false|false\u00bb custom_margin_tablet=\u00bb0px||||false|false\u00bb custom_margin_phone=\u00bb0px||||false|false\u00bb custom_margin_last_edited=\u00bbon|desktop\u00bb global_colors_info=\u00bb{}\u00bb]<\/p>\n<p><span>Ramesh Richard ThD, PhD, sirve como presidente de RREACH y profesor de Compromiso Teol\u00f3gico Global y Ministerios Pastorales en el Seminario Teol\u00f3gico de Dallas. Es fundador de la Coalici\u00f3n Internacional de Capacitadores de Pastores (TOPIC) y de la Comisi\u00f3n de Proclamaci\u00f3n Global (GProCommission). <\/span><\/p>\n<p>[\/et_pb_text][\/et_pb_column][\/et_pb_row][\/et_pb_section][et_pb_section fb_built=\u00bb1&#8243; module_class=\u00bbdc-carousel dc-spacing-5 dc-lg-3&#8243; _builder_version=\u00bb4.22.2&#8243; _module_preset=\u00bbdefault\u00bb global_colors_info=\u00bb{}\u00bb][et_pb_row _builder_version=\u00bb4.22.2&#8243; _dynamic_attributes=\u00bblink_option_url\u00bb _module_preset=\u00bbdefault\u00bb link_option_url=\u00bb@ET-DC@eyJkeW5hbWljIjp0cnVlLCJjb250ZW50IjoicG9zdF9saW5rX3VybF9wcm9kdWN0Iiwic2V0dGluZ3MiOnsicG9zdF9pZCI6IjIyIn19@\u00bb global_colors_info=\u00bb{}\u00bb][et_pb_column type=\u00bb4_4&#8243; _builder_version=\u00bb4.22.2&#8243; _module_preset=\u00bbdefault\u00bb global_colors_info=\u00bb{}\u00bb][et_pb_blurb title=\u00bbLEADERREACH: Liderazgo Espiritual\u00bb image=\u00bbhttps:\/\/rreachtraining.org\/wp-content\/uploads\/2025\/04\/LeaderReach_cover_2.jpg\u00bb _builder_version=\u00bb4.27.0&#8243; _module_preset=\u00bbe0d19f79-cf04-46c9-bc56-d0c604d9ed6d\u00bb hover_enabled=\u00bb0&#8243; global_colors_info=\u00bb{}\u00bb title_text=\u00bbLeaderReach_cover_2&#8243; sticky_enabled=\u00bb0&#8243;]<\/p>\n<p>\u00bfEst\u00e1 usted en un negocio o carrera que sofoca su vitalidad espiritual? \u00bfEst\u00e1 buscando impactar su esfera de influencia para Cristo? Este curso, basado en la trilog\u00eda de la Vida Intencional del Dr. Ramesh Richard, ayudar\u00e1 a los estudiantes a aclarar cu\u00e1l es su misi\u00f3n personal y su visi\u00f3n de la vida a fin de convertirse en creyentes din\u00e1micos y maduros. El curso le ayudar\u00e1 a aplicar un marco de espiritualidad b\u00edblica a su crecimiento personal y a su salud como l\u00edder cristiano. Al finalizar, los estudiantes recibir\u00e1n un Certificado en Liderazgo Espiritual.<\/p>\n<p>[\/et_pb_blurb][\/et_pb_column][\/et_pb_row][et_pb_row _builder_version=\u00bb4.22.2&#8243; _dynamic_attributes=\u00bblink_option_url\u00bb _module_preset=\u00bbdefault\u00bb link_option_url=\u00bb@ET-DC@eyJkeW5hbWljIjp0cnVlLCJjb250ZW50IjoicG9zdF9saW5rX3VybF9wcm9kdWN0Iiwic2V0dGluZ3MiOnsicG9zdF9pZCI6IjIyNTEzNCJ9fQ==@\u00bb global_colors_info=\u00bb{}\u00bb][et_pb_column type=\u00bb4_4&#8243; _builder_version=\u00bb4.22.2&#8243; _module_preset=\u00bbdefault\u00bb global_colors_info=\u00bb{}\u00bb][et_pb_blurb title=\u00bbPREACHERREACH: Predicaci\u00f3n B\u00edblica\u00bb image=\u00bbhttps:\/\/rreachtraining.org\/wp-content\/uploads\/2023\/10\/Preacherreach_cover.jpg\u00bb alt=\u00bbPreacher lifting hands in a gesture of blessing over congregation\u00bb _builder_version=\u00bb4.27.0&#8243; _module_preset=\u00bbe0d19f79-cf04-46c9-bc56-d0c604d9ed6d\u00bb hover_enabled=\u00bb0&#8243; global_colors_info=\u00bb{}\u00bb title_text=\u00bbPreacherreach_cover\u00bb sticky_enabled=\u00bb0&#8243;]<\/p>\n<p>\u00bfEs usted pastor y predicador que debe predicar con regularidad? \u00bfNecesita un m\u00e9todo confiable para la Predicaci\u00f3n B\u00edblica? El Dr. Ramesh Richard, bas\u00e1ndose en el m\u00e9todo de Esculpir las Escrituras, probado en el campo y ampliamente reconocido, le ense\u00f1ar\u00e1 a preparar mensajes b\u00edblicos que cambian vidas. Aprenda a simplificar el proceso de preparaci\u00f3n de un serm\u00f3n. Entregue sermones b\u00edblicamente fieles y relevantes para su audiencia. Este curso incluye un Certificado en Predicaci\u00f3n B\u00edblica.<\/p>\n<p>[\/et_pb_blurb][\/et_pb_column][\/et_pb_row][et_pb_row _builder_version=\u00bb4.22.2&#8243; _dynamic_attributes=\u00bblink_option_url\u00bb _module_preset=\u00bbdefault\u00bb link_option_url=\u00bb@ET-DC@eyJkeW5hbWljIjp0cnVlLCJjb250ZW50IjoicG9zdF9saW5rX3VybF9wcm9kdWN0Iiwic2V0dGluZ3MiOnsicG9zdF9pZCI6IjIyNTEzOCJ9fQ==@\u00bb global_colors_info=\u00bb{}\u00bb][et_pb_column type=\u00bb4_4&#8243; _builder_version=\u00bb4.22.2&#8243; _module_preset=\u00bbdefault\u00bb global_colors_info=\u00bb{}\u00bb][et_pb_blurb title=\u00bbSOWERREACH: Apolog\u00e9tica Evangel\u00edstica\u00bb image=\u00bbhttps:\/\/rreachtraining.org\/wp-content\/uploads\/2023\/10\/1671013504_93.webp\u00bb _builder_version=\u00bb4.27.0&#8243; _module_preset=\u00bbe0d19f79-cf04-46c9-bc56-d0c604d9ed6d\u00bb global_colors_info=\u00bb{}\u00bb]<\/p>\n<p>\u00bfDesea crecer en la apolog\u00e9tica transcultural y en la evangelizaci\u00f3n hacia personas que provienen de cosmovisiones no cristianas? Este curso, desarrollado a partir del curso del seminario del Dr. Ramesh Richard y de su trabajo <em>Wisdom towards Outsiders<\/em> (Sabidur\u00eda hacia los de Afuera), le permitir\u00e1 al estudiante aprender a pensar con discernimiento a fin de disuadir a audiencias con difernetes cosmovisiones, religiones y culturas sin necesidad de coerci\u00f3n. Los estudiantes recibir\u00e1n un Certificado en Apolog\u00e9tica Evangel\u00edstica.  <\/p>\n<p>[\/et_pb_blurb][\/et_pb_column][\/et_pb_row][et_pb_row _builder_version=\u00bb4.22.2&#8243; _dynamic_attributes=\u00bblink_option_url\u00bb _module_preset=\u00bbdefault\u00bb link_option_url=\u00bb@ET-DC@eyJkeW5hbWljIjp0cnVlLCJjb250ZW50IjoicG9zdF9saW5rX3VybF9wcm9kdWN0Iiwic2V0dGluZ3MiOnsicG9zdF9pZCI6IjIyNTEzMiJ9fQ==@\u00bb global_colors_info=\u00bb{}\u00bb][et_pb_column type=\u00bb4_4&#8243; _builder_version=\u00bb4.22.2&#8243; _module_preset=\u00bbdefault\u00bb global_colors_info=\u00bb{}\u00bb][et_pb_blurb title=\u00bbSEEKERREACH: Evangelismo Personal\/Predicaci\u00f3n Evangel\u00edstica\u00bb image=\u00bbhttps:\/\/rreachtraining.org\/wp-content\/uploads\/2023\/10\/1671015630_85.webp\u00bb alt=\u00bbPerson handing a bible to another person with the sunset in the background.\u00bb _builder_version=\u00bb4.22.2&#8243; _module_preset=\u00bbe0d19f79-cf04-46c9-bc56-d0c604d9ed6d\u00bb global_colors_info=\u00bb{}\u00bb]<\/p>\n<p>\u00bfDesea presentar la salvaci\u00f3n de Dios de manera personal o p\u00fablica, b\u00edblicamente fiel y convincente? \u00bfDesea mejorar su proclamaci\u00f3n del Evangelio? \u00bfDesea testificar p\u00fablicamente del Se\u00f1or Jes\u00fas? \u00bfSiente la carga de presentar el Evangelio en cualquier lugar? El presente material est\u00e1 basado en el curso de nivel de seminario del Dr. Ramesh Richard y en su libro Preparaci\u00f3n de Sermones Evangel\u00edsticos. El estudiante aprender\u00e1 a presentar el evangelio en escenarios p\u00fablicos. Recibir\u00e1 un Certificado en Proclamaci\u00f3n Evangel\u00edstica.      <\/p>\n<p>[\/et_pb_blurb][\/et_pb_column][\/et_pb_row][et_pb_row _builder_version=\u00bb4.22.2&#8243; _dynamic_attributes=\u00bblink_option_url\u00bb _module_preset=\u00bbdefault\u00bb link_option_url=\u00bb@ET-DC@eyJkeW5hbWljIjp0cnVlLCJjb250ZW50IjoicG9zdF9saW5rX3VybF9wcm9kdWN0Iiwic2V0dGluZ3MiOnsicG9zdF9pZCI6IjIyNTEzMyJ9fQ==@\u00bb global_colors_info=\u00bb{}\u00bb][et_pb_column type=\u00bb4_4&#8243; _builder_version=\u00bb4.22.2&#8243; _module_preset=\u00bbdefault\u00bb global_colors_info=\u00bb{}\u00bb][et_pb_blurb title=\u00bbTHINKERREACH: Basic Theology\u00bb image=\u00bbhttps:\/\/rreachtraining.org\/wp-content\/uploads\/2023\/10\/1671013969_24.webp\u00bb alt=\u00bbMagnifying glass standing upright against thick, old books.\u00bb disabled_on=\u00bbon|on|on\u00bb _builder_version=\u00bb4.25.2&#8243; _module_preset=\u00bbe0d19f79-cf04-46c9-bc56-d0c604d9ed6d\u00bb disabled=\u00bbon\u00bb global_colors_info=\u00bb{}\u00bb]<\/p>\n<p>Do you want to learn the essentials of Christian theology in a simple and understandable format? Listen to the theologian-philosopher, Dr. Ramesh Richard as he walks us through basic Christian doctrine with application to the daily life of believers-followers of the Lord Jesus. Students will receive a Certificate in Basic Theology.  <\/p>\n<p>[\/et_pb_blurb][\/et_pb_column][\/et_pb_row][\/et_pb_section][et_pb_section fb_built=\u00bb1&#8243; _builder_version=\u00bb4.22.2&#8243; _module_preset=\u00bbdefault\u00bb background_color=\u00bb#143c5e\u00bb max_width=\u00bb90%\u00bb module_alignment=\u00bbcenter\u00bb height=\u00bb311px\u00bb global_colors_info=\u00bb{}\u00bb][et_pb_row _builder_version=\u00bb4.22.2&#8243; _module_preset=\u00bbdefault\u00bb background_color=\u00bb#143c5e\u00bb global_colors_info=\u00bb{}\u00bb][et_pb_column type=\u00bb4_4&#8243; _builder_version=\u00bb4.22.2&#8243; _module_preset=\u00bbdefault\u00bb global_colors_info=\u00bb{}\u00bb][et_pb_text _builder_version=\u00bb4.22.2&#8243; _module_preset=\u00bbdefault\u00bb header_font=\u00bb|700|||||||\u00bb header_text_align=\u00bbcenter\u00bb header_text_color=\u00bb#FFFFFF\u00bb header_font_size=\u00bb47px\u00bb global_colors_info=\u00bb{}\u00bb]<\/p>\n<h1>CITAS DEL CURSO<\/h1>\n<p>[\/et_pb_text][\/et_pb_column][\/et_pb_row][et_pb_row _builder_version=\u00bb4.22.2&#8243; _module_preset=\u00bbdefault\u00bb global_colors_info=\u00bb{}\u00bb][et_pb_column type=\u00bb4_4&#8243; _builder_version=\u00bb4.22.2&#8243; _module_preset=\u00bbdefault\u00bb global_colors_info=\u00bb{}\u00bb][et_pb_gallery gallery_ids=\u00bb225523,225519,225531,225527&#8243; show_title_and_caption=\u00bboff\u00bb show_pagination=\u00bboff\u00bb disabled_on=\u00bbon|on|off\u00bb _builder_version=\u00bb4.27.0&#8243; _module_preset=\u00bbdefault\u00bb transform_scale=\u00bb130%|130%\u00bb module_alignment=\u00bbcenter\u00bb border_radii_image=\u00bbon|8px|8px|8px|8px\u00bb global_colors_info=\u00bb{}\u00bb][\/et_pb_gallery][et_pb_gallery gallery_ids=\u00bb225145,225144,225143,225142&#8243; gallery_orderby=\u00bbrand\u00bb fullwidth=\u00bbon\u00bb disabled_on=\u00bboff|off|on\u00bb _builder_version=\u00bb4.22.2&#8243; _module_preset=\u00bbdefault\u00bb transform_scale=\u00bb130%|130%\u00bb max_width=\u00bb80%\u00bb module_alignment=\u00bbcenter\u00bb custom_margin=\u00bb||||false|false\u00bb border_radii=\u00bbon|14px|14px|14px|14px\u00bb global_colors_info=\u00bb{}\u00bb][\/et_pb_gallery][\/et_pb_column][\/et_pb_row][et_pb_row _builder_version=\u00bb4.22.2&#8243; _module_preset=\u00bbdefault\u00bb global_colors_info=\u00bb{}\u00bb][et_pb_column type=\u00bb4_4&#8243; _builder_version=\u00bb4.22.2&#8243; _module_preset=\u00bbdefault\u00bb global_colors_info=\u00bb{}\u00bb][et_pb_text _builder_version=\u00bb4.22.2&#8243; _module_preset=\u00bbdefault\u00bb global_colors_info=\u00bb{}\u00bb]<\/p>\n<p>[\/et_pb_text][\/et_pb_column][\/et_pb_row][\/et_pb_section][et_pb_section fb_built=\u00bb1&#8243; _builder_version=\u00bb4.22.2&#8243; _module_preset=\u00bbdefault\u00bb global_colors_info=\u00bb{}\u00bb][et_pb_row _builder_version=\u00bb4.22.2&#8243; _module_preset=\u00bbdefault\u00bb global_colors_info=\u00bb{}\u00bb][et_pb_column type=\u00bb4_4&#8243; _builder_version=\u00bb4.22.2&#8243; _module_preset=\u00bbdefault\u00bb global_colors_info=\u00bb{}\u00bb][\/et_pb_column][\/et_pb_row][\/et_pb_section][et_pb_section fb_built=\u00bb1&#8243; _builder_version=\u00bb4.22.2&#8243; _module_preset=\u00bbdefault\u00bb background_color=\u00bb#143c5e\u00bb width_tablet=\u00bb\u00bb width_phone=\u00bb\u00bb width_last_edited=\u00bbon|tablet\u00bb max_width=\u00bb90%\u00bb module_alignment=\u00bbcenter\u00bb custom_margin=\u00bb||||false|false\u00bb border_radii=\u00bbon|12px|12px|12px|12px\u00bb global_colors_info=\u00bb{}\u00bb][et_pb_row column_structure=\u00bb3_5,2_5&#8243; _builder_version=\u00bb4.22.2&#8243; _module_preset=\u00bbdefault\u00bb width=\u00bb100%\u00bb global_colors_info=\u00bb{}\u00bb][et_pb_column type=\u00bb3_5&#8243; _builder_version=\u00bb4.22.2&#8243; _module_preset=\u00bbdefault\u00bb global_colors_info=\u00bb{}\u00bb][et_pb_text _builder_version=\u00bb4.22.2&#8243; _module_preset=\u00bb21031e33-5f14-466d-9050-725bd19cf06e\u00bb text_text_color=\u00bb#FFFFFF\u00bb header_text_color=\u00bb#FFFFFF\u00bb header_font_size=\u00bb44px\u00bb text_orientation=\u00bbleft\u00bb width_tablet=\u00bb80%\u00bb width_phone=\u00bb80%\u00bb width_last_edited=\u00bbon|tablet\u00bb module_alignment_tablet=\u00bbcenter\u00bb module_alignment_phone=\u00bbcenter\u00bb module_alignment_last_edited=\u00bbon|tablet\u00bb global_colors_info=\u00bb{}\u00bb]<\/p>\n<h1>La Visi\u00f3n de Vidas Transformadas<\/h1>\n<p><span><\/span><\/p>\n<p><span>El Dr. Ramesh Richard tiene la visi\u00f3n de cambiar la forma en que mil millones de personas piensan y oyen hablar del Se\u00f1or Jesucristo.<\/span><\/p>\n<p><span>Como fil\u00f3sofo espiritual, orador inspiracional y educador de renombre, el Dr. Richard habla en todo el mundo sobre los temas fundamentales de la vida.<\/span><\/p>\n<p><span>Con un estilo que invita a la reflexi\u00f3n, el Dr. Richard ha compartido personalmente las formas en que Dios interviene en la vida cotidiana durante m\u00e1s de 50 a\u00f1os en m\u00e1s de 100 pa\u00edses. Expone el mensaje de la verdad y el amor, la paz y la esperanza, ya sea en suites presidenciales, chozas de barro, aulas universitarias o estadios deportivos. <\/span><\/p>\n<p><span>Es fundador y presidente de un ministerio de Proclamaci\u00f3n Global que llega a l\u00edderes de todo el mundo, especialmente de Asia, \u00c1frica y Am\u00e9rica Latina. Es Doctor en Teolog\u00eda (Th.D.) por el Seminario Teol\u00f3gico de Dallas y Doctor en Filosof\u00eda (Ph.D.) por la Universidad de Delhi. <\/span><\/p>\n<p>[\/et_pb_text][et_pb_image src=\u00bbhttps:\/\/rreachtraining.org\/wp-content\/uploads\/2023\/10\/signature.png\u00bb title_text=\u00bbsignature\u00bb _builder_version=\u00bb4.22.2&#8243; _module_preset=\u00bbdefault\u00bb width=\u00bb45%\u00bb module_alignment=\u00bbleft\u00bb custom_margin=\u00bb61px||||false|false\u00bb global_colors_info=\u00bb{}\u00bb][\/et_pb_image][\/et_pb_column][et_pb_column type=\u00bb2_5&#8243; _builder_version=\u00bb4.22.2&#8243; _module_preset=\u00bbdefault\u00bb global_colors_info=\u00bb{}\u00bb][et_pb_image src=\u00bbhttps:\/\/rreachtraining.org\/wp-content\/uploads\/2023\/10\/blog.png\u00bb title_text=\u00bbDr Ramesh Richard\u00bb align_tablet=\u00bbcenter\u00bb align_phone=\u00bbcenter\u00bb align_last_edited=\u00bbon|tablet\u00bb _builder_version=\u00bb4.22.2&#8243; _module_preset=\u00bbdefault\u00bb border_radii=\u00bbon|8px|8px|8px|8px\u00bb global_colors_info=\u00bb{}\u00bb][\/et_pb_image][\/et_pb_column][\/et_pb_row][\/et_pb_section][et_pb_section fb_built=\u00bb1&#8243; _builder_version=\u00bb4.22.2&#8243; _module_preset=\u00bbdefault\u00bb global_colors_info=\u00bb{}\u00bb][et_pb_row _builder_version=\u00bb4.22.2&#8243; _module_preset=\u00bbdefault\u00bb global_colors_info=\u00bb{}\u00bb][et_pb_column type=\u00bb4_4&#8243; _builder_version=\u00bb4.22.2&#8243; _module_preset=\u00bbdefault\u00bb global_colors_info=\u00bb{}\u00bb][\/et_pb_column][\/et_pb_row][\/et_pb_section]<\/p>\n","protected":false},"excerpt":{"rendered":"<p>Ramesh Richard ThD, PhD, sirve como presidente de RREACH y profesor de Compromiso Teol\u00f3gico Global y Ministerios Pastorales en el Seminario Teol\u00f3gico de Dallas. Es fundador de la Coalici\u00f3n Internacional de Capacitadores de Pastores (TOPIC) y de la Comisi\u00f3n de Proclamaci\u00f3n Global (GProCommission). \u00bfEst\u00e1 usted en un negocio o carrera que sofoca su vitalidad espiritual? [&hellip;]<\/p>\n","protected":false},"author":1,"featured_media":0,"parent":0,"menu_order":0,"comment_status":"closed","ping_status":"closed","template":"","meta":{"_et_pb_use_builder":"on","_et_pb_old_content":"","_et_gb_content_width":"","footnotes":""},"class_list":["post-225333","page","type-page","status-publish","hentry"],"_links":{"self":[{"href":"https:\/\/rreachtraining.org\/es\/wp-json\/wp\/v2\/pages\/225333","targetHints":{"allow":["GET"]}}],"collection":[{"href":"https:\/\/rreachtraining.org\/es\/wp-json\/wp\/v2\/pages"}],"about":[{"href":"https:\/\/rreachtraining.org\/es\/wp-json\/wp\/v2\/types\/page"}],"author":[{"embeddable":true,"href":"https:\/\/rreachtraining.org\/es\/wp-json\/wp\/v2\/users\/1"}],"replies":[{"embeddable":true,"href":"https:\/\/rreachtraining.org\/es\/wp-json\/wp\/v2\/comments?post=225333"}],"version-history":[{"count":9,"href":"https:\/\/rreachtraining.org\/es\/wp-json\/wp\/v2\/pages\/225333\/revisions"}],"predecessor-version":[{"id":225572,"href":"https:\/\/rreachtraining.org\/es\/wp-json\/wp\/v2\/pages\/225333\/revisions\/225572"}],"wp:attachment":[{"href":"https:\/\/rreachtraining.org\/es\/wp-json\/wp\/v2\/media?parent=225333"}],"curies":[{"name":"wp","href":"https:\/\/api.w.org\/{rel}","templated":true}]}}