{"id":225330,"date":"2023-09-29T09:44:37","date_gmt":"2023-09-29T09:44:37","guid":{"rendered":"https:\/\/rreachtraining.org\/homepage-2\/"},"modified":"2025-04-02T13:57:49","modified_gmt":"2025-04-02T13:57:49","slug":"homepage-2","status":"publish","type":"page","link":"https:\/\/rreachtraining.org\/fr\/","title":{"rendered":"Homepage"},"content":{"rendered":"<p>[et_pb_section fb_built=\u00a0\u00bb1&Prime; fullwidth=\u00a0\u00bbon\u00a0\u00bb _builder_version=\u00a0\u00bb4.22.2&Prime; _module_preset=\u00a0\u00bbdefault\u00a0\u00bb global_colors_info=\u00a0\u00bb{}\u00a0\u00bb][et_pb_fullwidth_header title=\u00a0\u00bbFORMATION RREACH\u00a0\u00bb subhead=\u00a0\u00bbLes cours RREACH proposent une s\u00e9rie de cours en ligne s\u00e9lectionn\u00e9s, d\u00e9velopp\u00e9s, produits et \u00e9tendus \u00e0 partir du contenu de l&rsquo;enseignement de Ramesh Richard.\u00a0\u00bb text_orientation=\u00a0\u00bbcenter\u00a0\u00bb header_fullscreen=\u00a0\u00bbon\u00a0\u00bb button_one_text=\u00a0\u00bbEXPLORER\u00a0\u00bb content_max_width=\u00a0\u00bb101%\u00a0\u00bb _builder_version=\u00a0\u00bb4.22.2&Prime; _module_preset=\u00a0\u00bbdefault\u00a0\u00bb title_font=\u00a0\u00bbRoboto|700|||||||\u00a0\u00bb title_font_size=\u00a0\u00bb62px\u00a0\u00bb subhead_font=\u00a0\u00bbRoboto||||||||\u00a0\u00bb subhead_font_size=\u00a0\u00bb22px\u00a0\u00bb background_enable_color=\u00a0\u00bboff\u00a0\u00bb background_image=\u00a0\u00bbhttps:\/\/rreachtraining.org\/wp-content\/uploads\/2023\/09\/banner_new-copy.png\u00a0\u00bb parallax=\u00a0\u00bbon\u00a0\u00bb custom_button_one=\u00a0\u00bbon\u00a0\u00bb button_one_text_size=\u00a0\u00bb19px\u00a0\u00bb button_one_bg_color=\u00a0\u00bb#143c5e\u00a0\u00bb button_one_font=\u00a0\u00bb|700|||||||\u00a0\u00bb button_one_use_icon=\u00a0\u00bboff\u00a0\u00bb title_text_shadow_style=\u00a0\u00bbpreset2&Prime; subhead_text_shadow_style=\u00a0\u00bbpreset2&Prime; global_colors_info=\u00a0\u00bb{}\u00a0\u00bb button_one_bg_color__hover_enabled=\u00a0\u00bbon|hover\u00a0\u00bb button_one_bg_color__hover=\u00a0\u00bb#D6D6D6&Prime; button_one_bg_enable_color__hover=\u00a0\u00bbon\u00a0\u00bb][\/et_pb_fullwidth_header][\/et_pb_section][et_pb_section fb_built=\u00a0\u00bb1&Prime; _builder_version=\u00a0\u00bb4.22.2&Prime; _module_preset=\u00a0\u00bbdefault\u00a0\u00bb global_colors_info=\u00a0\u00bb{}\u00a0\u00bb][et_pb_row _builder_version=\u00a0\u00bb4.22.2&Prime; _module_preset=\u00a0\u00bbdefault\u00a0\u00bb global_colors_info=\u00a0\u00bb{}\u00a0\u00bb][et_pb_column type=\u00a0\u00bb4_4&Prime; _builder_version=\u00a0\u00bb4.22.2&Prime; _module_preset=\u00a0\u00bbdefault\u00a0\u00bb global_colors_info=\u00a0\u00bb{}\u00a0\u00bb][et_pb_video src=\u00a0\u00bbhttps:\/\/rreachtraining.org\/wp-content\/uploads\/2023\/11\/RReach-TRAINING-Courses-Promo-Video-Optimized.mp4&Prime; _builder_version=\u00a0\u00bb4.23.1&Prime; _module_preset=\u00a0\u00bbdefault\u00a0\u00bb global_colors_info=\u00a0\u00bb{}\u00a0\u00bb][\/et_pb_video][et_pb_text _builder_version=\u00a0\u00bb4.23.1&Prime; _module_preset=\u00a0\u00bb21031e33-5f14-466d-9050-725bd19cf06e\u00a0\u00bb custom_margin=\u00a0\u00bb51px||0px||false|false\u00a0\u00bb custom_margin_tablet=\u00a0\u00bb0px||||false|false\u00a0\u00bb custom_margin_phone=\u00a0\u00bb0px||||false|false\u00a0\u00bb custom_margin_last_edited=\u00a0\u00bbon|desktop\u00a0\u00bb global_colors_info=\u00a0\u00bb{}\u00a0\u00bb]<\/p>\n<p><span>Ramesh Richard ThD, PhD, est pr\u00e9sident de RREACH et professeur d&rsquo;engagement th\u00e9ologique mondial et de minist\u00e8res pastoraux au Dallas Theological Seminary. Il est le fondateur de la Coalition internationale des formateurs de pasteurs (TOPIC) et de la Commission mondiale de la proclamation (GProCommission). <\/span><\/p>\n<p>[\/et_pb_text][\/et_pb_column][\/et_pb_row][\/et_pb_section][et_pb_section fb_built=\u00a0\u00bb1&Prime; module_class=\u00a0\u00bbdc-carousel dc-spacing-5 dc-lg-3&Prime; _builder_version=\u00a0\u00bb4.22.2&Prime; _module_preset=\u00a0\u00bbdefault\u00a0\u00bb global_colors_info=\u00a0\u00bb{}\u00a0\u00bb][et_pb_row _builder_version=\u00a0\u00bb4.22.2&Prime; _dynamic_attributes=\u00a0\u00bblink_option_url\u00a0\u00bb _module_preset=\u00a0\u00bbdefault\u00a0\u00bb link_option_url=\u00a0\u00bb@ET-DC@eyJkeW5hbWljIjp0cnVlLCJjb250ZW50IjoicG9zdF9saW5rX3VybF9wcm9kdWN0Iiwic2V0dGluZ3MiOnsicG9zdF9pZCI6IjIyIiwiZW5hYmxlX2h0bWwiOiJvZmYifX0=@\u00a0\u00bb global_colors_info=\u00a0\u00bb{}\u00a0\u00bb][et_pb_column type=\u00a0\u00bb4_4&Prime; _builder_version=\u00a0\u00bb4.22.2&Prime; _module_preset=\u00a0\u00bbdefault\u00a0\u00bb global_colors_info=\u00a0\u00bb{}\u00a0\u00bb][et_pb_blurb title=\u00a0\u00bbLEADERREACH : Leadership spirituel\u00a0\u00bb image=\u00a0\u00bbhttps:\/\/rreachtraining.org\/wp-content\/uploads\/2025\/04\/LeaderReach_cover_2.jpg\u00a0\u00bb _builder_version=\u00a0\u00bb4.27.0&Prime; _module_preset=\u00a0\u00bbe0d19f79-cf04-46c9-bc56-d0c604d9ed6d\u00a0\u00bb global_colors_info=\u00a0\u00bb{}\u00a0\u00bb]<\/p>\n<p>\u00cates-vous dans une entreprise ou une carri\u00e8re qui \u00e9touffe la vitalit\u00e9 spirituelle ? Cherchez-vous \u00e0 avoir un impact pour le Christ dans votre sph\u00e8re d&rsquo;influence ? Bas\u00e9 sur la trilogie Intentional Life du Dr. Ramesh Richard, ce cours guidera les \u00e9tudiants dans la clarification de leur mission personnelle et de leur vision de la vie pour devenir des croyants dynamiques et matures. Vous apprendrez \u00e0 appliquer un cadre de spiritualit\u00e9 biblique dans votre croissance personnelle et votre sant\u00e9 en tant que leader chr\u00e9tien. A l&rsquo;issue du cours, les \u00e9tudiants recevront un certificat en leadership spirituel.    <\/p>\n<p>[\/et_pb_blurb][\/et_pb_column][\/et_pb_row][et_pb_row _builder_version=\u00a0\u00bb4.22.2&Prime; _dynamic_attributes=\u00a0\u00bblink_option_url\u00a0\u00bb _module_preset=\u00a0\u00bbdefault\u00a0\u00bb link_option_url=\u00a0\u00bb@ET-DC@eyJkeW5hbWljIjp0cnVlLCJjb250ZW50IjoicG9zdF9saW5rX3VybF9wcm9kdWN0Iiwic2V0dGluZ3MiOnsicG9zdF9pZCI6IjIyNTEzNCIsImVuYWJsZV9odG1sIjoib2ZmIn19@\u00a0\u00bb global_colors_info=\u00a0\u00bb{}\u00a0\u00bb][et_pb_column type=\u00a0\u00bb4_4&Prime; _builder_version=\u00a0\u00bb4.22.2&Prime; _module_preset=\u00a0\u00bbdefault\u00a0\u00bb global_colors_info=\u00a0\u00bb{}\u00a0\u00bb][et_pb_blurb title=\u00a0\u00bbPREACHERREACH : Pr\u00e9dication biblique\u00a0\u00bb image=\u00a0\u00bbhttps:\/\/rreachtraining.org\/wp-content\/uploads\/2023\/10\/Preacherreach_cover.jpg\u00a0\u00bb alt=\u00a0\u00bbPreacher lifting hands in a gesture of blessing over congregation\u00a0\u00bb _builder_version=\u00a0\u00bb4.27.0&Prime; _module_preset=\u00a0\u00bbe0d19f79-cf04-46c9-bc56-d0c604d9ed6d\u00a0\u00bb global_colors_info=\u00a0\u00bb{}\u00a0\u00bb]<\/p>\n<p>\u00cates-vous un pasteur ou un pr\u00e9dicateur qui doit pr\u00eacher r\u00e9guli\u00e8rement ? Avez-vous besoin d&rsquo;une m\u00e9thode fiable pour la pr\u00e9dication biblique ? Ramesh Richard vous enseignera comment pr\u00e9parer des messages fond\u00e9s sur la Bible et qui changent la vie, en se basant sur la m\u00e9thode de la sculpture de l&rsquo;Ecriture, qui a \u00e9t\u00e9 test\u00e9e sur le terrain et qui est reconnue par tous. Apprenez \u00e0 simplifier le processus de pr\u00e9paration des sermons. Livrer des sermons fid\u00e8les \u00e0 la Bible et pertinents pour l&rsquo;auditoire. Ce cours est accompagn\u00e9 d&rsquo;un certificat en pr\u00e9dication biblique.     <\/p>\n<p>[\/et_pb_blurb][\/et_pb_column][\/et_pb_row][et_pb_row _builder_version=\u00a0\u00bb4.22.2&Prime; _dynamic_attributes=\u00a0\u00bblink_option_url\u00a0\u00bb _module_preset=\u00a0\u00bbdefault\u00a0\u00bb link_option_url=\u00a0\u00bb@ET-DC@eyJkeW5hbWljIjp0cnVlLCJjb250ZW50IjoicG9zdF9saW5rX3VybF9wcm9kdWN0Iiwic2V0dGluZ3MiOnsicG9zdF9pZCI6IjIyNTEzOCIsImVuYWJsZV9odG1sIjoib2ZmIn19@\u00a0\u00bb global_colors_info=\u00a0\u00bb{}\u00a0\u00bb][et_pb_column type=\u00a0\u00bb4_4&Prime; _builder_version=\u00a0\u00bb4.22.2&Prime; _module_preset=\u00a0\u00bbdefault\u00a0\u00bb global_colors_info=\u00a0\u00bb{}\u00a0\u00bb][et_pb_blurb title=\u00a0\u00bbSOWERREACH : Apolog\u00e9tique \u00e9vang\u00e9lique\u00a0\u00bb image=\u00a0\u00bbhttps:\/\/rreachtraining.org\/wp-content\/uploads\/2023\/10\/1671013504_93.webp\u00a0\u00bb _builder_version=\u00a0\u00bb4.27.0&Prime; _module_preset=\u00a0\u00bbe0d19f79-cf04-46c9-bc56-d0c604d9ed6d\u00a0\u00bb global_colors_info=\u00a0\u00bb{}\u00a0\u00bb]<\/p>\n<p>Avez-vous le d\u00e9sir d&rsquo;\u00e9voluer en tant qu&rsquo;\u00e9vang\u00e9liste-apologiste ? D\u00e9velopp\u00e9 \u00e0 partir du cours et de l&rsquo;ouvrage du Dr. Ramesh Richard <em>Wisdom toward Outsiders,<\/em> l&rsquo; \u00e9tudiant apprendra \u00e0 faire preuve de discernement pour persuader des auditoires de toutes les visions du monde, religions et cultures sans coercition. Les \u00e9tudiants recevront un certificat en apolog\u00e9tique \u00e9vang\u00e9lique.  <\/p>\n<p>[\/et_pb_blurb][\/et_pb_column][\/et_pb_row][et_pb_row _builder_version=\u00a0\u00bb4.22.2&Prime; _dynamic_attributes=\u00a0\u00bblink_option_url\u00a0\u00bb _module_preset=\u00a0\u00bbdefault\u00a0\u00bb link_option_url=\u00a0\u00bb@ET-DC@eyJkeW5hbWljIjp0cnVlLCJjb250ZW50IjoicG9zdF9saW5rX3VybF9wcm9kdWN0Iiwic2V0dGluZ3MiOnsicG9zdF9pZCI6IjIyNTEzMiIsImVuYWJsZV9odG1sIjoib2ZmIn19@\u00a0\u00bb global_colors_info=\u00a0\u00bb{}\u00a0\u00bb][et_pb_column type=\u00a0\u00bb4_4&Prime; _builder_version=\u00a0\u00bb4.22.2&Prime; _module_preset=\u00a0\u00bbdefault\u00a0\u00bb global_colors_info=\u00a0\u00bb{}\u00a0\u00bb][et_pb_blurb title=\u00a0\u00bbSEEKERREACH : \u00c9vang\u00e9lisation personnelle\/Pr\u00e9dication \u00e9vang\u00e9lique\u00a0\u00bb image=\u00a0\u00bbhttps:\/\/rreachtraining.org\/wp-content\/uploads\/2023\/10\/1671015630_85.webp\u00a0\u00bb alt=\u00a0\u00bbPerson handing a bible to another person with the sunset in the background.\u00a0\u00bb _builder_version=\u00a0\u00bb4.22.2&Prime; _module_preset=\u00a0\u00bbe0d19f79-cf04-46c9-bc56-d0c604d9ed6d\u00a0\u00bb global_colors_info=\u00a0\u00bb{}\u00a0\u00bb]<\/p>\n<p>Voulez-vous pr\u00e9senter personnellement ou publiquement le salut de Dieu d&rsquo;une mani\u00e8re bibliquement fid\u00e8le et convaincante ? Souhaitez-vous am\u00e9liorer votre proclamation de l&rsquo;Evangile ? Avez-vous le d\u00e9sir de rendre un t\u00e9moignage public convaincant pour le Seigneur J\u00e9sus ? Ressentez-vous un fardeau pour pr\u00e9senter l&rsquo;Evangile dans n&rsquo;importe quel lieu ? Ce cours est issu du cours et du livre de niveau s\u00e9minaire du Dr Ramesh Richard sur la pr\u00e9paration de sermons \u00e9vang\u00e9liques. L&rsquo;\u00e9tudiant apprendra \u00e0 pr\u00e9senter l&rsquo;Evangile en public. Recevez un certificat en proclamation \u00e9vang\u00e9lique.      <\/p>\n<p>[\/et_pb_blurb][\/et_pb_column][\/et_pb_row][et_pb_row _builder_version=\u00a0\u00bb4.22.2&Prime; _dynamic_attributes=\u00a0\u00bblink_option_url\u00a0\u00bb _module_preset=\u00a0\u00bbdefault\u00a0\u00bb link_option_url=\u00a0\u00bb@ET-DC@eyJkeW5hbWljIjp0cnVlLCJjb250ZW50IjoicG9zdF9saW5rX3VybF9wcm9kdWN0Iiwic2V0dGluZ3MiOnsicG9zdF9pZCI6IjIyNTEzMyIsImVuYWJsZV9odG1sIjoib2ZmIn19@\u00a0\u00bb global_colors_info=\u00a0\u00bb{}\u00a0\u00bb][et_pb_column type=\u00a0\u00bb4_4&Prime; _builder_version=\u00a0\u00bb4.22.2&Prime; _module_preset=\u00a0\u00bbdefault\u00a0\u00bb global_colors_info=\u00a0\u00bb{}\u00a0\u00bb][et_pb_blurb title=\u00a0\u00bbTHINKERREACH: Basic Theology\u00a0\u00bb image=\u00a0\u00bbhttps:\/\/rreachtraining.org\/wp-content\/uploads\/2023\/10\/1671013969_24.webp\u00a0\u00bb alt=\u00a0\u00bbMagnifying glass standing upright against thick, old books.\u00a0\u00bb disabled_on=\u00a0\u00bbon|on|on\u00a0\u00bb _builder_version=\u00a0\u00bb4.25.2&Prime; _module_preset=\u00a0\u00bbe0d19f79-cf04-46c9-bc56-d0c604d9ed6d\u00a0\u00bb disabled=\u00a0\u00bbon\u00a0\u00bb global_colors_info=\u00a0\u00bb{}\u00a0\u00bb]<\/p>\n<p>Voulez-vous apprendre l&rsquo;essentiel de la th\u00e9ologie chr\u00e9tienne dans un format simple et compr\u00e9hensible ? \u00c9coutez le th\u00e9ologien-philosophe, le Dr Ramesh Richard, qui nous guide \u00e0 travers la doctrine chr\u00e9tienne de base et l&rsquo;applique \u00e0 la vie quotidienne des croyants, disciples du Seigneur J\u00e9sus. Les \u00e9tudiants recevront un certificat en th\u00e9ologie de base.  <\/p>\n<p>[\/et_pb_blurb][\/et_pb_column][\/et_pb_row][\/et_pb_section][et_pb_section fb_built=\u00a0\u00bb1&Prime; _builder_version=\u00a0\u00bb4.22.2&Prime; _module_preset=\u00a0\u00bbdefault\u00a0\u00bb background_color=\u00a0\u00bb#143c5e\u00a0\u00bb max_width=\u00a0\u00bb90%\u00a0\u00bb module_alignment=\u00a0\u00bbcenter\u00a0\u00bb height=\u00a0\u00bb311px\u00a0\u00bb global_colors_info=\u00a0\u00bb{}\u00a0\u00bb][et_pb_row _builder_version=\u00a0\u00bb4.22.2&Prime; _module_preset=\u00a0\u00bbdefault\u00a0\u00bb background_color=\u00a0\u00bb#143c5e\u00a0\u00bb global_colors_info=\u00a0\u00bb{}\u00a0\u00bb][et_pb_column type=\u00a0\u00bb4_4&Prime; _builder_version=\u00a0\u00bb4.22.2&Prime; _module_preset=\u00a0\u00bbdefault\u00a0\u00bb global_colors_info=\u00a0\u00bb{}\u00a0\u00bb][et_pb_text _builder_version=\u00a0\u00bb4.22.2&Prime; _module_preset=\u00a0\u00bbdefault\u00a0\u00bb header_font=\u00a0\u00bb|700|||||||\u00a0\u00bb header_text_align=\u00a0\u00bbcenter\u00a0\u00bb header_text_color=\u00a0\u00bb#FFFFFF\u00a0\u00bb header_font_size=\u00a0\u00bb47px\u00a0\u00bb global_colors_info=\u00a0\u00bb{}\u00a0\u00bb]<\/p>\n<h1>CITATIONS DE COURS<\/h1>\n<p>[\/et_pb_text][\/et_pb_column][\/et_pb_row][et_pb_row _builder_version=\u00a0\u00bb4.22.2&Prime; _module_preset=\u00a0\u00bbdefault\u00a0\u00bb global_colors_info=\u00a0\u00bb{}\u00a0\u00bb][et_pb_column type=\u00a0\u00bb4_4&Prime; _builder_version=\u00a0\u00bb4.22.2&Prime; _module_preset=\u00a0\u00bbdefault\u00a0\u00bb global_colors_info=\u00a0\u00bb{}\u00a0\u00bb][et_pb_gallery gallery_ids=\u00a0\u00bb225486,225482,225494,225490&Prime; show_title_and_caption=\u00a0\u00bboff\u00a0\u00bb show_pagination=\u00a0\u00bboff\u00a0\u00bb disabled_on=\u00a0\u00bbon|on|off\u00a0\u00bb _builder_version=\u00a0\u00bb4.27.0&Prime; _module_preset=\u00a0\u00bbdefault\u00a0\u00bb transform_scale=\u00a0\u00bb130%|130%\u00a0\u00bb module_alignment=\u00a0\u00bbcenter\u00a0\u00bb border_radii_image=\u00a0\u00bbon|8px|8px|8px|8px\u00a0\u00bb global_colors_info=\u00a0\u00bb{}\u00a0\u00bb][\/et_pb_gallery][et_pb_gallery gallery_ids=\u00a0\u00bb225145,225144,225143,225142&Prime; gallery_orderby=\u00a0\u00bbrand\u00a0\u00bb fullwidth=\u00a0\u00bbon\u00a0\u00bb disabled_on=\u00a0\u00bboff|off|on\u00a0\u00bb _builder_version=\u00a0\u00bb4.22.2&Prime; _module_preset=\u00a0\u00bbdefault\u00a0\u00bb transform_scale=\u00a0\u00bb130%|130%\u00a0\u00bb max_width=\u00a0\u00bb80%\u00a0\u00bb module_alignment=\u00a0\u00bbcenter\u00a0\u00bb custom_margin=\u00a0\u00bb||||false|false\u00a0\u00bb border_radii=\u00a0\u00bbon|14px|14px|14px|14px\u00a0\u00bb global_colors_info=\u00a0\u00bb{}\u00a0\u00bb][\/et_pb_gallery][\/et_pb_column][\/et_pb_row][et_pb_row _builder_version=\u00a0\u00bb4.22.2&Prime; _module_preset=\u00a0\u00bbdefault\u00a0\u00bb global_colors_info=\u00a0\u00bb{}\u00a0\u00bb][et_pb_column type=\u00a0\u00bb4_4&Prime; _builder_version=\u00a0\u00bb4.22.2&Prime; _module_preset=\u00a0\u00bbdefault\u00a0\u00bb global_colors_info=\u00a0\u00bb{}\u00a0\u00bb][et_pb_text _builder_version=\u00a0\u00bb4.22.2&Prime; _module_preset=\u00a0\u00bbdefault\u00a0\u00bb global_colors_info=\u00a0\u00bb{}\u00a0\u00bb]<\/p>\n<p>[\/et_pb_text][\/et_pb_column][\/et_pb_row][\/et_pb_section][et_pb_section fb_built=\u00a0\u00bb1&Prime; _builder_version=\u00a0\u00bb4.22.2&Prime; _module_preset=\u00a0\u00bbdefault\u00a0\u00bb global_colors_info=\u00a0\u00bb{}\u00a0\u00bb][et_pb_row _builder_version=\u00a0\u00bb4.22.2&Prime; _module_preset=\u00a0\u00bbdefault\u00a0\u00bb global_colors_info=\u00a0\u00bb{}\u00a0\u00bb][et_pb_column type=\u00a0\u00bb4_4&Prime; _builder_version=\u00a0\u00bb4.22.2&Prime; _module_preset=\u00a0\u00bbdefault\u00a0\u00bb global_colors_info=\u00a0\u00bb{}\u00a0\u00bb][\/et_pb_column][\/et_pb_row][\/et_pb_section][et_pb_section fb_built=\u00a0\u00bb1&Prime; _builder_version=\u00a0\u00bb4.22.2&Prime; _module_preset=\u00a0\u00bbdefault\u00a0\u00bb background_color=\u00a0\u00bb#143c5e\u00a0\u00bb width_tablet=\u00a0\u00bb\u00a0\u00bb width_phone=\u00a0\u00bb\u00a0\u00bb width_last_edited=\u00a0\u00bbon|tablet\u00a0\u00bb max_width=\u00a0\u00bb90%\u00a0\u00bb module_alignment=\u00a0\u00bbcenter\u00a0\u00bb custom_margin=\u00a0\u00bb||||false|false\u00a0\u00bb border_radii=\u00a0\u00bbon|12px|12px|12px|12px\u00a0\u00bb global_colors_info=\u00a0\u00bb{}\u00a0\u00bb][et_pb_row column_structure=\u00a0\u00bb3_5,2_5&Prime; _builder_version=\u00a0\u00bb4.22.2&Prime; _module_preset=\u00a0\u00bbdefault\u00a0\u00bb width=\u00a0\u00bb100%\u00a0\u00bb global_colors_info=\u00a0\u00bb{}\u00a0\u00bb][et_pb_column type=\u00a0\u00bb3_5&Prime; _builder_version=\u00a0\u00bb4.22.2&Prime; _module_preset=\u00a0\u00bbdefault\u00a0\u00bb global_colors_info=\u00a0\u00bb{}\u00a0\u00bb][et_pb_text _builder_version=\u00a0\u00bb4.22.2&Prime; _module_preset=\u00a0\u00bb21031e33-5f14-466d-9050-725bd19cf06e\u00a0\u00bb text_text_color=\u00a0\u00bb#FFFFFF\u00a0\u00bb header_text_color=\u00a0\u00bb#FFFFFF\u00a0\u00bb header_font_size=\u00a0\u00bb44px\u00a0\u00bb text_orientation=\u00a0\u00bbleft\u00a0\u00bb width_tablet=\u00a0\u00bb80%\u00a0\u00bb width_phone=\u00a0\u00bb80%\u00a0\u00bb width_last_edited=\u00a0\u00bbon|tablet\u00a0\u00bb module_alignment_tablet=\u00a0\u00bbcenter\u00a0\u00bb module_alignment_phone=\u00a0\u00bbcenter\u00a0\u00bb module_alignment_last_edited=\u00a0\u00bbon|tablet\u00a0\u00bb global_colors_info=\u00a0\u00bb{}\u00a0\u00bb]<\/p>\n<h1>Envisager des vies transform\u00e9es<\/h1>\n<p><span><\/span><\/p>\n<p><span>Le Dr Ramesh Richard envisage de changer la fa\u00e7on dont un milliard d&rsquo;individus pensent et entendent parler du Seigneur J\u00e9sus-Christ.<\/span><\/p>\n<p><span>En tant que philosophe spirituel, conf\u00e9rencier inspirant et \u00e9ducateur de renom, il s&rsquo;exprime dans le monde entier sur les questions ultimes de la vie.<\/span><\/p>\n<p><span>Dans un style qui incite \u00e0 la r\u00e9flexion, le Dr Richard a personnellement pr\u00e9sent\u00e9 les fa\u00e7ons dont Dieu se m\u00eale \u00e0 la vie quotidienne dans plus de 100 pays depuis plus de 50 ans. Il clarifie le message de v\u00e9rit\u00e9 et d&rsquo;amour, de paix et d&rsquo;espoir, dans des suites pr\u00e9sidentielles, des huttes de boue, des salles de classe d&rsquo;universit\u00e9 et des ar\u00e8nes sportives. <\/span><\/p>\n<p><span>Il est le fondateur et le pr\u00e9sident d&rsquo;un minist\u00e8re mondial de proclamation qui touche les dirigeants du monde entier, en particulier d&rsquo;Asie, d&rsquo;Afrique et d&rsquo;Am\u00e9rique latine. Il est titulaire d&rsquo;un doctorat en th\u00e9ologie (Th.D.) du s\u00e9minaire th\u00e9ologique de Dallas et d&rsquo;un doctorat en philosophie (Ph.D.) de l&rsquo;universit\u00e9 de Delhi. <\/span><\/p>\n<p>[\/et_pb_text][et_pb_image src=\u00a0\u00bbhttps:\/\/rreachtraining.org\/wp-content\/uploads\/2023\/10\/signature.png\u00a0\u00bb title_text=\u00a0\u00bbsignature\u00a0\u00bb _builder_version=\u00a0\u00bb4.22.2&Prime; _module_preset=\u00a0\u00bbdefault\u00a0\u00bb width=\u00a0\u00bb45%\u00a0\u00bb module_alignment=\u00a0\u00bbleft\u00a0\u00bb custom_margin=\u00a0\u00bb61px||||false|false\u00a0\u00bb global_colors_info=\u00a0\u00bb{}\u00a0\u00bb][\/et_pb_image][\/et_pb_column][et_pb_column type=\u00a0\u00bb2_5&Prime; _builder_version=\u00a0\u00bb4.22.2&Prime; _module_preset=\u00a0\u00bbdefault\u00a0\u00bb global_colors_info=\u00a0\u00bb{}\u00a0\u00bb][et_pb_image src=\u00a0\u00bbhttps:\/\/rreachtraining.org\/wp-content\/uploads\/2023\/10\/blog.png\u00a0\u00bb title_text=\u00a0\u00bbDr Ramesh Richard\u00a0\u00bb align_tablet=\u00a0\u00bbcenter\u00a0\u00bb align_phone=\u00a0\u00bbcenter\u00a0\u00bb align_last_edited=\u00a0\u00bbon|tablet\u00a0\u00bb _builder_version=\u00a0\u00bb4.22.2&Prime; _module_preset=\u00a0\u00bbdefault\u00a0\u00bb border_radii=\u00a0\u00bbon|8px|8px|8px|8px\u00a0\u00bb global_colors_info=\u00a0\u00bb{}\u00a0\u00bb][\/et_pb_image][\/et_pb_column][\/et_pb_row][\/et_pb_section][et_pb_section fb_built=\u00a0\u00bb1&Prime; _builder_version=\u00a0\u00bb4.22.2&Prime; _module_preset=\u00a0\u00bbdefault\u00a0\u00bb global_colors_info=\u00a0\u00bb{}\u00a0\u00bb][et_pb_row _builder_version=\u00a0\u00bb4.22.2&Prime; _module_preset=\u00a0\u00bbdefault\u00a0\u00bb global_colors_info=\u00a0\u00bb{}\u00a0\u00bb][et_pb_column type=\u00a0\u00bb4_4&Prime; _builder_version=\u00a0\u00bb4.22.2&Prime; _module_preset=\u00a0\u00bbdefault\u00a0\u00bb global_colors_info=\u00a0\u00bb{}\u00a0\u00bb][\/et_pb_column][\/et_pb_row][\/et_pb_section]<\/p>\n","protected":false},"excerpt":{"rendered":"<p>Ramesh Richard ThD, PhD, est pr\u00e9sident de RREACH et professeur d&rsquo;engagement th\u00e9ologique mondial et de minist\u00e8res pastoraux au Dallas Theological Seminary. Il est le fondateur de la Coalition internationale des formateurs de pasteurs (TOPIC) et de la Commission mondiale de la proclamation (GProCommission). \u00cates-vous dans une entreprise ou une carri\u00e8re qui \u00e9touffe la vitalit\u00e9 spirituelle [&hellip;]<\/p>\n","protected":false},"author":1,"featured_media":0,"parent":0,"menu_order":0,"comment_status":"closed","ping_status":"closed","template":"","meta":{"_et_pb_use_builder":"on","_et_pb_old_content":"","_et_gb_content_width":"","footnotes":""},"class_list":["post-225330","page","type-page","status-publish","hentry"],"_links":{"self":[{"href":"https:\/\/rreachtraining.org\/fr\/wp-json\/wp\/v2\/pages\/225330","targetHints":{"allow":["GET"]}}],"collection":[{"href":"https:\/\/rreachtraining.org\/fr\/wp-json\/wp\/v2\/pages"}],"about":[{"href":"https:\/\/rreachtraining.org\/fr\/wp-json\/wp\/v2\/types\/page"}],"author":[{"embeddable":true,"href":"https:\/\/rreachtraining.org\/fr\/wp-json\/wp\/v2\/users\/1"}],"replies":[{"embeddable":true,"href":"https:\/\/rreachtraining.org\/fr\/wp-json\/wp\/v2\/comments?post=225330"}],"version-history":[{"count":9,"href":"https:\/\/rreachtraining.org\/fr\/wp-json\/wp\/v2\/pages\/225330\/revisions"}],"predecessor-version":[{"id":225570,"href":"https:\/\/rreachtraining.org\/fr\/wp-json\/wp\/v2\/pages\/225330\/revisions\/225570"}],"wp:attachment":[{"href":"https:\/\/rreachtraining.org\/fr\/wp-json\/wp\/v2\/media?parent=225330"}],"curies":[{"name":"wp","href":"https:\/\/api.w.org\/{rel}","templated":true}]}}