{"id":225419,"date":"2023-11-12T18:52:56","date_gmt":"2023-11-12T18:52:56","guid":{"rendered":"https:\/\/rreachtraining.org\/politique-de-remboursement-et-de-retours\/"},"modified":"2024-10-03T12:01:55","modified_gmt":"2024-10-03T12:01:55","slug":"politique-de-remboursement-et-de-retours","status":"publish","type":"page","link":"https:\/\/rreachtraining.org\/fr\/politique-de-remboursement-et-de-retours\/","title":{"rendered":"Politique de remboursement et de retours"},"content":{"rendered":"<p>[et_pb_section fb_built=\u00a0\u00bb1&Prime; _builder_version=\u00a0\u00bb4.16&Prime; global_colors_info=\u00a0\u00bb{}\u00a0\u00bb][et_pb_row _builder_version=\u00a0\u00bb4.16&Prime; background_size=\u00a0\u00bbinitial\u00a0\u00bb background_position=\u00a0\u00bbtop_left\u00a0\u00bb background_repeat=\u00a0\u00bbrepeat\u00a0\u00bb global_colors_info=\u00a0\u00bb{}\u00a0\u00bb][et_pb_column type=\u00a0\u00bb4_4&Prime; _builder_version=\u00a0\u00bb4.16&Prime; custom_padding=\u00a0\u00bb|||\u00a0\u00bb global_colors_info=\u00a0\u00bb{}\u00a0\u00bb custom_padding__hover=\u00a0\u00bb|||\u00a0\u00bb][et_pb_text _builder_version=\u00a0\u00bb4.22.2&Prime; _module_preset=\u00a0\u00bbdefault\u00a0\u00bb header_font=\u00a0\u00bb|700|||||||\u00a0\u00bb header_font_size=\u00a0\u00bb35px\u00a0\u00bb hover_enabled=\u00a0\u00bb0&Prime; sticky_enabled=\u00a0\u00bb0&Prime;]<\/p>\n<h1>Politique de remboursement et de retours<\/h1>\n<p>[\/et_pb_text][et_pb_text _builder_version=\u00a0\u00bb4.22.2&Prime; text_font_size=\u00a0\u00bb16px\u00a0\u00bb header_2_font=\u00a0\u00bb|600|||||||\u00a0\u00bb background_size=\u00a0\u00bbinitial\u00a0\u00bb background_position=\u00a0\u00bbtop_left\u00a0\u00bb background_repeat=\u00a0\u00bbrepeat\u00a0\u00bb hover_enabled=\u00a0\u00bb0&Prime; global_colors_info=\u00a0\u00bb{}\u00a0\u00bb sticky_enabled=\u00a0\u00bb0&Prime;]<\/p>\n<h2>Aper\u00e7u g\u00e9n\u00e9ral<\/h2>\n<p>Notre politique de remboursement et de retour dure 30 jours. Si 30 jours se sont \u00e9coul\u00e9s depuis votre achat, nous ne pouvons pas vous offrir un remboursement complet. <\/p>\n<p><!-- \/divi:paragraph --><!-- divi:paragraph --><\/p>\n<p>Pour compl\u00e9ter votre remboursement, nous exigeons un re\u00e7u ou une preuve d&rsquo;achat.<\/p>\n<p>Il existe certaines situations o\u00f9 seuls des remboursements partiels sont accord\u00e9s : <\/p>\n<ul>\n<li>Toute demande re\u00e7ue plus de 30 jours apr\u00e8s la livraison.<\/li>\n<\/ul>\n<ul>\n<li>Tout cours qui a \u00e9t\u00e9 partiellement ou enti\u00e8rement suivi.<\/li>\n<\/ul>\n<p>Pour les produits achet\u00e9s \u00e0 prix r\u00e9duit, vous pouvez \u00eatre rembours\u00e9 jusqu&rsquo;\u00e0 concurrence de la valeur du prix d&rsquo;achat. Aucun remboursement n&rsquo;est possible pour les articles re\u00e7us gratuitement, quel que soit leur prix d&rsquo;achat.  <\/p>\n<h2>Remboursement<\/h2>\n<p>Une fois que votre demande d&rsquo;annulation de votre inscription et de remboursement aura \u00e9t\u00e9 re\u00e7ue et examin\u00e9e, nous vous enverrons un courrier \u00e9lectronique pour vous informer que nous avons re\u00e7u l&rsquo;article retourn\u00e9. Nous vous informerons \u00e9galement de l&rsquo;approbation ou du rejet de votre remboursement. <\/p>\n<p>Si votre demande est accept\u00e9e, votre remboursement sera trait\u00e9 et un cr\u00e9dit sera automatiquement appliqu\u00e9 \u00e0 votre carte de cr\u00e9dit ou \u00e0 votre mode de paiement initial, dans un certain d\u00e9lai.<\/p>\n<p><strong><\/strong><\/p>\n<p><strong>Remboursements tardifs ou introuvables<\/strong><\/p>\n<p>Si vous n&rsquo;avez pas encore re\u00e7u de remboursement, v\u00e9rifiez d&rsquo;abord votre compte bancaire.<\/p>\n<p>Contactez ensuite la soci\u00e9t\u00e9 \u00e9mettrice de votre carte de cr\u00e9dit, car il peut s&rsquo;\u00e9couler un certain temps avant que votre remboursement ne soit officiellement comptabilis\u00e9.<\/p>\n<p>Contactez ensuite votre banque. Il y a souvent un d\u00e9lai de traitement avant que le remboursement ne soit comptabilis\u00e9. <\/p>\n<p>Si vous avez fait tout cela et que vous n&rsquo;avez toujours pas re\u00e7u votre remboursement, veuillez nous contacter \u00e0 l&rsquo;adresse info@rreach.org.<\/p>\n<p>&nbsp;<\/p>\n<h2>Besoin d&rsquo;aide ?<\/h2>\n<p>Contactez-nous \u00e0 l&rsquo;adresse info@rreach.org pour toute question relative aux remboursements et aux retours.<\/p>\n<p>&nbsp;<\/p>\n<p>&nbsp;<\/p>\n<p>[\/et_pb_text][\/et_pb_column][\/et_pb_row][\/et_pb_section]<\/p>\n","protected":false},"excerpt":{"rendered":"<p>Politique de remboursement et de retoursAper\u00e7u g\u00e9n\u00e9ral Notre politique de remboursement et de retour dure 30 jours. Si 30 jours se sont \u00e9coul\u00e9s depuis votre achat, nous ne pouvons pas vous offrir un remboursement complet. Pour compl\u00e9ter votre remboursement, nous exigeons un re\u00e7u ou une preuve d&rsquo;achat. Il existe certaines situations o\u00f9 seuls des remboursements [&hellip;]<\/p>\n","protected":false},"author":1,"featured_media":0,"parent":0,"menu_order":0,"comment_status":"closed","ping_status":"closed","template":"","meta":{"_et_pb_use_builder":"on","_et_pb_old_content":"","_et_gb_content_width":"","footnotes":""},"class_list":["post-225419","page","type-page","status-publish","hentry"],"_links":{"self":[{"href":"https:\/\/rreachtraining.org\/fr\/wp-json\/wp\/v2\/pages\/225419","targetHints":{"allow":["GET"]}}],"collection":[{"href":"https:\/\/rreachtraining.org\/fr\/wp-json\/wp\/v2\/pages"}],"about":[{"href":"https:\/\/rreachtraining.org\/fr\/wp-json\/wp\/v2\/types\/page"}],"author":[{"embeddable":true,"href":"https:\/\/rreachtraining.org\/fr\/wp-json\/wp\/v2\/users\/1"}],"replies":[{"embeddable":true,"href":"https:\/\/rreachtraining.org\/fr\/wp-json\/wp\/v2\/comments?post=225419"}],"version-history":[{"count":2,"href":"https:\/\/rreachtraining.org\/fr\/wp-json\/wp\/v2\/pages\/225419\/revisions"}],"predecessor-version":[{"id":225421,"href":"https:\/\/rreachtraining.org\/fr\/wp-json\/wp\/v2\/pages\/225419\/revisions\/225421"}],"wp:attachment":[{"href":"https:\/\/rreachtraining.org\/fr\/wp-json\/wp\/v2\/media?parent=225419"}],"curies":[{"name":"wp","href":"https:\/\/api.w.org\/{rel}","templated":true}]}}