{"id":225336,"date":"2023-09-29T09:44:37","date_gmt":"2023-09-29T09:44:37","guid":{"rendered":"https:\/\/rreachtraining.org\/homepage-2\/"},"modified":"2025-04-02T13:58:38","modified_gmt":"2025-04-02T13:58:38","slug":"homepage-2","status":"publish","type":"page","link":"https:\/\/rreachtraining.org\/pt-pt\/","title":{"rendered":"Homepage"},"content":{"rendered":"<p>[et_pb_section fb_built=&#8221;1&#8243; fullwidth=&#8221;on&#8221; _builder_version=&#8221;4.22.2&#8243; _module_preset=&#8221;default&#8221; global_colors_info=&#8221;{}&#8221;][et_pb_fullwidth_header title=&#8221;TREINAMENTO RREACH&#8221; subhead=&#8221;Os cursos RREACH apresentam um conjunto selecionado de cursos on-line desenvolvidos, produzidos e ampliados a partir do conte\u00fado de ensino de Ramesh Richard.&#8221; text_orientation=&#8221;center&#8221; header_fullscreen=&#8221;on&#8221; button_one_text=&#8221;EXPLORE&#8221; content_max_width=&#8221;101%&#8221; _builder_version=&#8221;4.22.2&#8243; _module_preset=&#8221;default&#8221; title_font=&#8221;Roboto|700|||||||&#8221; title_font_size=&#8221;62px&#8221; subhead_font=&#8221;Roboto||||||||&#8221; subhead_font_size=&#8221;22px&#8221; background_enable_color=&#8221;off&#8221; background_image=&#8221;https:\/\/rreachtraining.org\/wp-content\/uploads\/2023\/09\/banner_new-copy.png&#8221; parallax=&#8221;on&#8221; custom_button_one=&#8221;on&#8221; button_one_text_size=&#8221;19px&#8221; button_one_bg_color=&#8221;#143c5e&#8221; button_one_font=&#8221;|700|||||||&#8221; button_one_use_icon=&#8221;off&#8221; title_text_shadow_style=&#8221;preset2&#8243; subhead_text_shadow_style=&#8221;preset2&#8243; global_colors_info=&#8221;{}&#8221; button_one_bg_color__hover_enabled=&#8221;on|hover&#8221; button_one_bg_color__hover=&#8221;#D6D6D6&#8243; button_one_bg_enable_color__hover=&#8221;on&#8221;][\/et_pb_fullwidth_header][\/et_pb_section][et_pb_section fb_built=&#8221;1&#8243; _builder_version=&#8221;4.22.2&#8243; _module_preset=&#8221;default&#8221; global_colors_info=&#8221;{}&#8221;][et_pb_row _builder_version=&#8221;4.22.2&#8243; _module_preset=&#8221;default&#8221; global_colors_info=&#8221;{}&#8221;][et_pb_column type=&#8221;4_4&#8243; _builder_version=&#8221;4.22.2&#8243; _module_preset=&#8221;default&#8221; global_colors_info=&#8221;{}&#8221;][et_pb_video src=&#8221;https:\/\/rreachtraining.org\/wp-content\/uploads\/2023\/11\/RReach-TRAINING-Courses-Promo-Video-Optimized.mp4&#8243; _builder_version=&#8221;4.23.1&#8243; _module_preset=&#8221;default&#8221; global_colors_info=&#8221;{}&#8221;][\/et_pb_video][et_pb_text _builder_version=&#8221;4.23.1&#8243; _module_preset=&#8221;21031e33-5f14-466d-9050-725bd19cf06e&#8221; custom_margin=&#8221;51px||0px||false|false&#8221; custom_margin_tablet=&#8221;0px||||false|false&#8221; custom_margin_phone=&#8221;0px||||false|false&#8221; custom_margin_last_edited=&#8221;on|desktop&#8221; global_colors_info=&#8221;{}&#8221;]<\/p>\n<p><span>Ramesh Richard ThD, PhD, atua como Presidente da RREACH e Professor de Engajamento Teol\u00f3gico Global e Minist\u00e9rios Pastorais no Semin\u00e1rio Teol\u00f3gico de Dallas. Ele \u00e9 o fundador da Coaliz\u00e3o Internacional de Treinadores de Pastores (TOPIC) e da Comiss\u00e3o Global de Proclama\u00e7\u00e3o (GProCommission). <\/span><\/p>\n<p>[\/et_pb_text][\/et_pb_column][\/et_pb_row][\/et_pb_section][et_pb_section fb_built=&#8221;1&#8243; module_class=&#8221;dc-carousel dc-spacing-5 dc-lg-3&#8243; _builder_version=&#8221;4.22.2&#8243; _module_preset=&#8221;default&#8221; global_colors_info=&#8221;{}&#8221;][et_pb_row _builder_version=&#8221;4.22.2&#8243; _dynamic_attributes=&#8221;link_option_url&#8221; _module_preset=&#8221;default&#8221; link_option_url=&#8221;@ET-DC@eyJkeW5hbWljIjp0cnVlLCJjb250ZW50IjoicG9zdF9saW5rX3VybF9wcm9kdWN0Iiwic2V0dGluZ3MiOnsicG9zdF9pZCI6IjIyIn19@&#8221; global_colors_info=&#8221;{}&#8221;][et_pb_column type=&#8221;4_4&#8243; _builder_version=&#8221;4.22.2&#8243; _module_preset=&#8221;default&#8221; global_colors_info=&#8221;{}&#8221;][et_pb_blurb title=&#8221;LEADERREACH: Lideran\u00e7a Espiritual&#8221; image=&#8221;https:\/\/rreachtraining.org\/wp-content\/uploads\/2025\/04\/LeaderReach_cover_2.jpg&#8221; _builder_version=&#8221;4.27.0&#8243; _module_preset=&#8221;e0d19f79-cf04-46c9-bc56-d0c604d9ed6d&#8221; hover_enabled=&#8221;0&#8243; global_colors_info=&#8221;{}&#8221; title_text=&#8221;LeaderReach_cover_2&#8243; sticky_enabled=&#8221;0&#8243;]<\/p>\n<p>Est\u00e1 em um neg\u00f3cio ou carreira que sufoca a vitalidade espiritual? Voc\u00ea busca um impacto para Cristo em sua esfera de influ\u00eancia? Com base na Trilogia da Vida Intencional do Dr. Ramesh Richard, o curso orientar\u00e1 os alunos no esclarecimento de sua miss\u00e3o pessoal e vis\u00e3o de vida para que se tornem crentes din\u00e2micos e maduros. Voc\u00ea aprender\u00e1 a aplicar uma estrutura de espiritualidade b\u00edblica em seu crescimento pessoal e sa\u00fade como l\u00edder crist\u00e3o. Ap\u00f3s a conclus\u00e3o, os alunos receber\u00e3o um Certificado em Lideran\u00e7a Espiritual.<\/p>\n<p>[\/et_pb_blurb][\/et_pb_column][\/et_pb_row][et_pb_row _builder_version=&#8221;4.22.2&#8243; _dynamic_attributes=&#8221;link_option_url&#8221; _module_preset=&#8221;default&#8221; link_option_url=&#8221;@ET-DC@eyJkeW5hbWljIjp0cnVlLCJjb250ZW50IjoicG9zdF9saW5rX3VybF9wcm9kdWN0Iiwic2V0dGluZ3MiOnsicG9zdF9pZCI6IjIyNTEzNCJ9fQ==@&#8221; global_colors_info=&#8221;{}&#8221;][et_pb_column type=&#8221;4_4&#8243; _builder_version=&#8221;4.22.2&#8243; _module_preset=&#8221;default&#8221; global_colors_info=&#8221;{}&#8221;][et_pb_blurb title=&#8221;PREACHERREACH: Prega\u00e7\u00e3o B\u00edblica&#8221; image=&#8221;https:\/\/rreachtraining.org\/wp-content\/uploads\/2023\/10\/Preacherreach_cover.jpg&#8221; alt=&#8221;Preacher lifting hands in a gesture of blessing over congregation&#8221; _builder_version=&#8221;4.27.0&#8243; _module_preset=&#8221;e0d19f79-cf04-46c9-bc56-d0c604d9ed6d&#8221; hover_enabled=&#8221;0&#8243; global_colors_info=&#8221;{}&#8221; title_text=&#8221;Preacherreach_cover&#8221; sticky_enabled=&#8221;0&#8243;]<\/p>\n<p>Voc\u00ea \u00e9 um pastor e pregador que precisa pregar regularmente? Precisa de um m\u00e9todo confi\u00e1vel para a prega\u00e7\u00e3o b\u00edblica? Com base no m\u00e9todo Esculpir as Escrituras, testado em campo e reconhecido popularmente, Dr. Ramesh Richard lhe ensinar\u00e1 como preparar mensagens baseadas na B\u00edblia e que mudam vidas. Aprenda a simplificar o processo de prepara\u00e7\u00e3o do serm\u00e3o. Proferir serm\u00f5es biblicamente fi\u00e9is e relevantes para o p\u00fablico. Esse curso vem com um Certificado em Prega\u00e7\u00e3o B\u00edblica.<\/p>\n<p>[\/et_pb_blurb][\/et_pb_column][\/et_pb_row][et_pb_row _builder_version=&#8221;4.22.2&#8243; _dynamic_attributes=&#8221;link_option_url&#8221; _module_preset=&#8221;default&#8221; link_option_url=&#8221;@ET-DC@eyJkeW5hbWljIjp0cnVlLCJjb250ZW50IjoicG9zdF9saW5rX3VybF9wcm9kdWN0Iiwic2V0dGluZ3MiOnsicG9zdF9pZCI6IjIyNTEzOCJ9fQ==@&#8221; global_colors_info=&#8221;{}&#8221;][et_pb_column type=&#8221;4_4&#8243; _builder_version=&#8221;4.22.2&#8243; _module_preset=&#8221;default&#8221; global_colors_info=&#8221;{}&#8221;][et_pb_blurb title=&#8221;SOWERREACH: Apolog\u00e9tica Evangel\u00edstica&#8221; image=&#8221;https:\/\/rreachtraining.org\/wp-content\/uploads\/2023\/10\/1671013504_93.webp&#8221; _builder_version=&#8221;4.27.0&#8243; _module_preset=&#8221;e0d19f79-cf04-46c9-bc56-d0c604d9ed6d&#8221; global_colors_info=&#8221;{}&#8221;]<\/p>\n<p>Voc\u00ea tem o desejo de crescer em apolog\u00e9tica transcultural e evangelismo voltado \u00e0 cosmovis\u00e3o? Desenvolvido a partir do curso e do trabalho do semin\u00e1rio do Dr. Ramesh Richard, <em>&#8220;Wisdom toward Outsiders&#8221;,<\/em> o aluno aprender\u00e1 a pensar com discernimento para persuadir o p\u00fablico em todas as vis\u00f5es de mundo, religi\u00f5es e culturas sem coer\u00e7\u00e3o. Os alunos receber\u00e3o um Certificado em Apolog\u00e9tica Evangel\u00edstica.  <\/p>\n<p>[\/et_pb_blurb][\/et_pb_column][\/et_pb_row][et_pb_row _builder_version=&#8221;4.22.2&#8243; _dynamic_attributes=&#8221;link_option_url&#8221; _module_preset=&#8221;default&#8221; link_option_url=&#8221;@ET-DC@eyJkeW5hbWljIjp0cnVlLCJjb250ZW50IjoicG9zdF9saW5rX3VybF9wcm9kdWN0Iiwic2V0dGluZ3MiOnsicG9zdF9pZCI6IjIyNTEzMiJ9fQ==@&#8221; global_colors_info=&#8221;{}&#8221;][et_pb_column type=&#8221;4_4&#8243; _builder_version=&#8221;4.22.2&#8243; _module_preset=&#8221;default&#8221; global_colors_info=&#8221;{}&#8221;][et_pb_blurb title=&#8221;SEEKERREACH: Evangelismo Pessoal\/Prega\u00e7\u00e3o Evangel\u00edstica&#8221; image=&#8221;https:\/\/rreachtraining.org\/wp-content\/uploads\/2023\/10\/1671015630_85.webp&#8221; alt=&#8221;Person handing a bible to another person with the sunset in the background.&#8221; _builder_version=&#8221;4.22.2&#8243; _module_preset=&#8221;e0d19f79-cf04-46c9-bc56-d0c604d9ed6d&#8221; global_colors_info=&#8221;{}&#8221;]<\/p>\n<p>Voc\u00ea deseja apresentar pessoal ou publicamente a salva\u00e7\u00e3o de Deus de uma maneira biblicamente fiel e convincente? Deseja melhorar sua proclama\u00e7\u00e3o do evangelho? Voc\u00ea tem o desejo de dar um testemunho p\u00fablico cativante do Senhor Jesus? Voc\u00ea sente o chamado para apresentar o Evangelho em qualquer local? Este curso \u00e9 resultado do curso em n\u00edvel de semin\u00e1rio e do livro do Dr. Ramesh Richard sobre Prepara\u00e7\u00e3o de Serm\u00f5es Evangel\u00edsticos. O aluno aprender\u00e1 a apresentar o evangelho em ambientes p\u00fablicos. Receba um Certificado em Proclama\u00e7\u00e3o Evangel\u00edstica.      <\/p>\n<p>[\/et_pb_blurb][\/et_pb_column][\/et_pb_row][et_pb_row _builder_version=&#8221;4.22.2&#8243; _dynamic_attributes=&#8221;link_option_url&#8221; _module_preset=&#8221;default&#8221; link_option_url=&#8221;@ET-DC@eyJkeW5hbWljIjp0cnVlLCJjb250ZW50IjoicG9zdF9saW5rX3VybF9wcm9kdWN0Iiwic2V0dGluZ3MiOnsicG9zdF9pZCI6IjIyNTEzMyJ9fQ==@&#8221; global_colors_info=&#8221;{}&#8221;][et_pb_column type=&#8221;4_4&#8243; _builder_version=&#8221;4.22.2&#8243; _module_preset=&#8221;default&#8221; global_colors_info=&#8221;{}&#8221;][et_pb_blurb title=&#8221;THINKERREACH: Basic Theology&#8221; image=&#8221;https:\/\/rreachtraining.org\/wp-content\/uploads\/2023\/10\/1671013969_24.webp&#8221; alt=&#8221;Magnifying glass standing upright against thick, old books.&#8221; disabled_on=&#8221;on|on|on&#8221; _builder_version=&#8221;4.25.2&#8243; _module_preset=&#8221;e0d19f79-cf04-46c9-bc56-d0c604d9ed6d&#8221; disabled=&#8221;on&#8221; global_colors_info=&#8221;{}&#8221;]<\/p>\n<p>Do you want to learn the essentials of Christian theology in a simple and understandable format? Listen to the theologian-philosopher, Dr. Ramesh Richard as he walks us through basic Christian doctrine with application to the daily life of believers-followers of the Lord Jesus. Students will receive a Certificate in Basic Theology.  <\/p>\n<p>[\/et_pb_blurb][\/et_pb_column][\/et_pb_row][\/et_pb_section][et_pb_section fb_built=&#8221;1&#8243; _builder_version=&#8221;4.22.2&#8243; _module_preset=&#8221;default&#8221; background_color=&#8221;#143c5e&#8221; max_width=&#8221;90%&#8221; module_alignment=&#8221;center&#8221; height=&#8221;311px&#8221; global_colors_info=&#8221;{}&#8221;][et_pb_row _builder_version=&#8221;4.22.2&#8243; _module_preset=&#8221;default&#8221; background_color=&#8221;#143c5e&#8221; global_colors_info=&#8221;{}&#8221;][et_pb_column type=&#8221;4_4&#8243; _builder_version=&#8221;4.22.2&#8243; _module_preset=&#8221;default&#8221; global_colors_info=&#8221;{}&#8221;][et_pb_text _builder_version=&#8221;4.22.2&#8243; _module_preset=&#8221;default&#8221; header_font=&#8221;|700|||||||&#8221; header_text_align=&#8221;center&#8221; header_text_color=&#8221;#FFFFFF&#8221; header_font_size=&#8221;47px&#8221; global_colors_info=&#8221;{}&#8221;]<\/p>\n<h1>CITA\u00c7\u00d5ES DO CURSO<\/h1>\n<p>[\/et_pb_text][\/et_pb_column][\/et_pb_row][et_pb_row _builder_version=&#8221;4.22.2&#8243; _module_preset=&#8221;default&#8221; global_colors_info=&#8221;{}&#8221;][et_pb_column type=&#8221;4_4&#8243; _builder_version=&#8221;4.22.2&#8243; _module_preset=&#8221;default&#8221; global_colors_info=&#8221;{}&#8221;][et_pb_gallery gallery_ids=&#8221;225540,225536,225548,225544&#8243; show_title_and_caption=&#8221;off&#8221; show_pagination=&#8221;off&#8221; disabled_on=&#8221;on|on|off&#8221; _builder_version=&#8221;4.27.0&#8243; _module_preset=&#8221;default&#8221; transform_scale=&#8221;130%|130%&#8221; module_alignment=&#8221;center&#8221; border_radii_image=&#8221;on|8px|8px|8px|8px&#8221; global_colors_info=&#8221;{}&#8221;][\/et_pb_gallery][et_pb_gallery gallery_ids=&#8221;225145,225144,225143,225142&#8243; gallery_orderby=&#8221;rand&#8221; fullwidth=&#8221;on&#8221; disabled_on=&#8221;off|off|on&#8221; _builder_version=&#8221;4.22.2&#8243; _module_preset=&#8221;default&#8221; transform_scale=&#8221;130%|130%&#8221; max_width=&#8221;80%&#8221; module_alignment=&#8221;center&#8221; custom_margin=&#8221;||||false|false&#8221; border_radii=&#8221;on|14px|14px|14px|14px&#8221; global_colors_info=&#8221;{}&#8221;][\/et_pb_gallery][\/et_pb_column][\/et_pb_row][et_pb_row _builder_version=&#8221;4.22.2&#8243; _module_preset=&#8221;default&#8221; global_colors_info=&#8221;{}&#8221;][et_pb_column type=&#8221;4_4&#8243; _builder_version=&#8221;4.22.2&#8243; _module_preset=&#8221;default&#8221; global_colors_info=&#8221;{}&#8221;][et_pb_text _builder_version=&#8221;4.22.2&#8243; _module_preset=&#8221;default&#8221; global_colors_info=&#8221;{}&#8221;]<\/p>\n<p>[\/et_pb_text][\/et_pb_column][\/et_pb_row][\/et_pb_section][et_pb_section fb_built=&#8221;1&#8243; _builder_version=&#8221;4.22.2&#8243; _module_preset=&#8221;default&#8221; global_colors_info=&#8221;{}&#8221;][et_pb_row _builder_version=&#8221;4.22.2&#8243; _module_preset=&#8221;default&#8221; global_colors_info=&#8221;{}&#8221;][et_pb_column type=&#8221;4_4&#8243; _builder_version=&#8221;4.22.2&#8243; _module_preset=&#8221;default&#8221; global_colors_info=&#8221;{}&#8221;][\/et_pb_column][\/et_pb_row][\/et_pb_section][et_pb_section fb_built=&#8221;1&#8243; _builder_version=&#8221;4.22.2&#8243; _module_preset=&#8221;default&#8221; background_color=&#8221;#143c5e&#8221; width_tablet=&#8221;&#8221; width_phone=&#8221;&#8221; width_last_edited=&#8221;on|tablet&#8221; max_width=&#8221;90%&#8221; module_alignment=&#8221;center&#8221; custom_margin=&#8221;||||false|false&#8221; border_radii=&#8221;on|12px|12px|12px|12px&#8221; global_colors_info=&#8221;{}&#8221;][et_pb_row column_structure=&#8221;3_5,2_5&#8243; _builder_version=&#8221;4.22.2&#8243; _module_preset=&#8221;default&#8221; width=&#8221;100%&#8221; global_colors_info=&#8221;{}&#8221;][et_pb_column type=&#8221;3_5&#8243; _builder_version=&#8221;4.22.2&#8243; _module_preset=&#8221;default&#8221; global_colors_info=&#8221;{}&#8221;][et_pb_text _builder_version=&#8221;4.22.2&#8243; _module_preset=&#8221;21031e33-5f14-466d-9050-725bd19cf06e&#8221; text_text_color=&#8221;#FFFFFF&#8221; header_text_color=&#8221;#FFFFFF&#8221; header_font_size=&#8221;44px&#8221; text_orientation=&#8221;left&#8221; width_tablet=&#8221;80%&#8221; width_phone=&#8221;80%&#8221; width_last_edited=&#8221;on|tablet&#8221; module_alignment_tablet=&#8221;center&#8221; module_alignment_phone=&#8221;center&#8221; module_alignment_last_edited=&#8221;on|tablet&#8221; global_colors_info=&#8221;{}&#8221;]<\/p>\n<h1>Vislumbrando Vidas Transformadas<\/h1>\n<p><span><\/span><\/p>\n<p><span>Dr. Ramesh Richard pretende mudar a maneira como um bilh\u00e3o de pessoas pensam e ouvem sobre o Senhor Jesus Cristo.<\/span><\/p>\n<p><span>Como fil\u00f3sofo espiritual, orador inspirador e educador renomado, ele fala em todo o mundo sobre as quest\u00f5es fundamentais da vida.<\/span><\/p>\n<p><span>Com um estilo instigante, Dr. Richard tem apresentado pessoalmente as maneiras como Deus se relaciona com a vida cotidiana em mais de 100 pa\u00edses por mais de 50 anos. Ele esclarece a mensagem da verdade e do amor, da paz e da esperan\u00e7a, em su\u00edtes presidenciais, cabanas de barro, salas de aula de universidades e arenas esportivas. <\/span><\/p>\n<p><span>\u00c9 fundador e presidente de um minist\u00e9rio de proclama\u00e7\u00e3o global que alcan\u00e7a l\u00edderes do mundo todo, especialmente da \u00c1sia, \u00c1frica e Am\u00e9rica Latina. Ele \u00e9 Doutor em Teologia (Th.D.) pelo Dallas Theological Seminary e Doutor em Filosofia (Ph.D.) pela Universidade de Delhi. <\/span><\/p>\n<p>[\/et_pb_text][et_pb_image src=&#8221;https:\/\/rreachtraining.org\/wp-content\/uploads\/2023\/10\/signature.png&#8221; title_text=&#8221;signature&#8221; _builder_version=&#8221;4.22.2&#8243; _module_preset=&#8221;default&#8221; width=&#8221;45%&#8221; module_alignment=&#8221;left&#8221; custom_margin=&#8221;61px||||false|false&#8221; global_colors_info=&#8221;{}&#8221;][\/et_pb_image][\/et_pb_column][et_pb_column type=&#8221;2_5&#8243; _builder_version=&#8221;4.22.2&#8243; _module_preset=&#8221;default&#8221; global_colors_info=&#8221;{}&#8221;][et_pb_image src=&#8221;https:\/\/rreachtraining.org\/wp-content\/uploads\/2023\/10\/blog.png&#8221; title_text=&#8221;Dr Ramesh Richard&#8221; align_tablet=&#8221;center&#8221; align_phone=&#8221;center&#8221; align_last_edited=&#8221;on|tablet&#8221; _builder_version=&#8221;4.22.2&#8243; _module_preset=&#8221;default&#8221; border_radii=&#8221;on|8px|8px|8px|8px&#8221; global_colors_info=&#8221;{}&#8221;][\/et_pb_image][\/et_pb_column][\/et_pb_row][\/et_pb_section][et_pb_section fb_built=&#8221;1&#8243; _builder_version=&#8221;4.22.2&#8243; _module_preset=&#8221;default&#8221; global_colors_info=&#8221;{}&#8221;][et_pb_row _builder_version=&#8221;4.22.2&#8243; _module_preset=&#8221;default&#8221; global_colors_info=&#8221;{}&#8221;][et_pb_column type=&#8221;4_4&#8243; _builder_version=&#8221;4.22.2&#8243; _module_preset=&#8221;default&#8221; global_colors_info=&#8221;{}&#8221;][\/et_pb_column][\/et_pb_row][\/et_pb_section]<\/p>\n","protected":false},"excerpt":{"rendered":"<p>Ramesh Richard ThD, PhD, atua como Presidente da RREACH e Professor de Engajamento Teol\u00f3gico Global e Minist\u00e9rios Pastorais no Semin\u00e1rio Teol\u00f3gico de Dallas. Ele \u00e9 o fundador da Coaliz\u00e3o Internacional de Treinadores de Pastores (TOPIC) e da Comiss\u00e3o Global de Proclama\u00e7\u00e3o (GProCommission). Est\u00e1 em um neg\u00f3cio ou carreira que sufoca a vitalidade espiritual? Voc\u00ea busca [&hellip;]<\/p>\n","protected":false},"author":1,"featured_media":0,"parent":0,"menu_order":0,"comment_status":"closed","ping_status":"closed","template":"","meta":{"_et_pb_use_builder":"on","_et_pb_old_content":"","_et_gb_content_width":"","footnotes":""},"class_list":["post-225336","page","type-page","status-publish","hentry"],"_links":{"self":[{"href":"https:\/\/rreachtraining.org\/pt-pt\/wp-json\/wp\/v2\/pages\/225336","targetHints":{"allow":["GET"]}}],"collection":[{"href":"https:\/\/rreachtraining.org\/pt-pt\/wp-json\/wp\/v2\/pages"}],"about":[{"href":"https:\/\/rreachtraining.org\/pt-pt\/wp-json\/wp\/v2\/types\/page"}],"author":[{"embeddable":true,"href":"https:\/\/rreachtraining.org\/pt-pt\/wp-json\/wp\/v2\/users\/1"}],"replies":[{"embeddable":true,"href":"https:\/\/rreachtraining.org\/pt-pt\/wp-json\/wp\/v2\/comments?post=225336"}],"version-history":[{"count":14,"href":"https:\/\/rreachtraining.org\/pt-pt\/wp-json\/wp\/v2\/pages\/225336\/revisions"}],"predecessor-version":[{"id":225571,"href":"https:\/\/rreachtraining.org\/pt-pt\/wp-json\/wp\/v2\/pages\/225336\/revisions\/225571"}],"wp:attachment":[{"href":"https:\/\/rreachtraining.org\/pt-pt\/wp-json\/wp\/v2\/media?parent=225336"}],"curies":[{"name":"wp","href":"https:\/\/api.w.org\/{rel}","templated":true}]}}