{"id":225450,"date":"2023-10-06T10:18:37","date_gmt":"2023-10-06T10:18:37","guid":{"rendered":"https:\/\/rreachtraining.org\/product\/preacherreach-pregacao-biblica\/"},"modified":"2025-04-02T13:33:05","modified_gmt":"2025-04-02T13:33:05","slug":"preacherreach-pregacao-biblica","status":"publish","type":"product","link":"https:\/\/rreachtraining.org\/pt-pt\/product\/preacherreach-pregacao-biblica\/","title":{"rendered":"PREACHERREACH: Prega\u00e7\u00e3o B\u00edblica"},"content":{"rendered":"<p>[et_pb_section fb_built=&#8221;1&#8243; _builder_version=&#8221;4.16&#8243; custom_padding=&#8221;0px||||false|false&#8221; global_colors_info=&#8221;{}&#8221;][et_pb_row _builder_version=&#8221;4.16&#8243; background_size=&#8221;initial&#8221; background_position=&#8221;top_left&#8221; background_repeat=&#8221;repeat&#8221; width=&#8221;100%&#8221; custom_padding=&#8221;0px||0px||false|false&#8221; global_colors_info=&#8221;{}&#8221;][et_pb_column type=&#8221;4_4&#8243; _builder_version=&#8221;4.16&#8243; custom_padding=&#8221;|||&#8221; global_colors_info=&#8221;{}&#8221; custom_padding__hover=&#8221;|||&#8221;][et_pb_wc_breadcrumb _builder_version=&#8221;4.16&#8243; global_colors_info=&#8221;{}&#8221;][\/et_pb_wc_breadcrumb][et_pb_wc_cart_notice _builder_version=&#8221;4.16&#8243; global_colors_info=&#8221;{}&#8221;][\/et_pb_wc_cart_notice][\/et_pb_column][\/et_pb_row][et_pb_row column_structure=&#8221;1_2,1_2&#8243; _builder_version=&#8221;4.16&#8243; background_size=&#8221;initial&#8221; background_position=&#8221;top_left&#8221; background_repeat=&#8221;repeat&#8221; width=&#8221;100%&#8221; custom_padding=&#8221;0px||||false|false&#8221; global_colors_info=&#8221;{}&#8221;][et_pb_column type=&#8221;1_2&#8243; _builder_version=&#8221;4.16&#8243; custom_padding=&#8221;|||&#8221; global_colors_info=&#8221;{}&#8221; custom_padding__hover=&#8221;|||&#8221;][et_pb_wc_images _builder_version=&#8221;4.16&#8243; global_colors_info=&#8221;{}&#8221;][\/et_pb_wc_images][\/et_pb_column][et_pb_column type=&#8221;1_2&#8243; _builder_version=&#8221;4.16&#8243; custom_padding=&#8221;|||&#8221; global_colors_info=&#8221;{}&#8221; custom_padding__hover=&#8221;|||&#8221;][et_pb_wc_title _builder_version=&#8221;4.16&#8243; global_colors_info=&#8221;{}&#8221;][\/et_pb_wc_title][et_pb_wc_rating _builder_version=&#8221;4.16&#8243; global_colors_info=&#8221;{}&#8221;][\/et_pb_wc_rating][et_pb_wc_price _builder_version=&#8221;4.16&#8243; global_colors_info=&#8221;{}&#8221;][\/et_pb_wc_price][et_pb_wc_description _builder_version=&#8221;4.16&#8243; global_colors_info=&#8221;{}&#8221;][\/et_pb_wc_description][et_pb_button button_url=&#8221;https:\/\/learn.canvaslms.co.za\/enroll\/3GJDD6&#8243; button_text=&#8221;Participe do Curso Agora&#8221; button_alignment=&#8221;center&#8221; _builder_version=&#8221;4.25.1&#8243; _module_preset=&#8221;default&#8221; global_colors_info=&#8221;{}&#8221;][\/et_pb_button][et_pb_wc_add_to_cart disabled_on=&#8221;on|on|on&#8221; _builder_version=&#8221;4.25.1&#8243; disabled=&#8221;on&#8221; global_colors_info=&#8221;{}&#8221;][\/et_pb_wc_add_to_cart][et_pb_wc_meta _builder_version=&#8221;4.16&#8243; global_colors_info=&#8221;{}&#8221;][\/et_pb_wc_meta][\/et_pb_column][\/et_pb_row][et_pb_row _builder_version=&#8221;4.16&#8243; background_size=&#8221;initial&#8221; background_position=&#8221;top_left&#8221; background_repeat=&#8221;repeat&#8221; width=&#8221;100%&#8221; global_colors_info=&#8221;{}&#8221;][et_pb_column type=&#8221;4_4&#8243; _builder_version=&#8221;4.16&#8243; custom_padding=&#8221;|||&#8221; global_colors_info=&#8221;{}&#8221; custom_padding__hover=&#8221;|||&#8221;][et_pb_wc_tabs _builder_version=&#8221;4.16&#8243; global_colors_info=&#8221;{}&#8221;] [\/et_pb_wc_tabs][et_pb_wc_upsells _builder_version=&#8221;4.16&#8243; global_colors_info=&#8221;{}&#8221;][\/et_pb_wc_upsells][et_pb_wc_related_products _builder_version=&#8221;4.16&#8243; global_colors_info=&#8221;{}&#8221;][\/et_pb_wc_related_products][\/et_pb_column][\/et_pb_row][\/et_pb_section]<\/p>\n","protected":false},"excerpt":{"rendered":"<p dir=\"ltr\"><span style=\"font-family: Arial;\">Este \u00e9 um curso on-line sobre Prega\u00e7\u00e3o B\u00edblica para alunos iniciantes e avan\u00e7ados. Se voc\u00ea \u00e9 um pastor, um aspirante a pregador ou um l\u00edder de estudo b\u00edblico que precisa pregar ou ensinar regularmente a B\u00edblia, este curso \u00e9 para voc\u00ea. Este curso lhe fornecer\u00e1 a base essencial para o estudo expositivo s\u00f3lido da palavra de Deus, que se torna o cora\u00e7\u00e3o da estrutura do seu serm\u00e3o ou dos seus pontos de discuss\u00e3o.  <\/span><\/p>\n","protected":false},"featured_media":225556,"comment_status":"open","ping_status":"closed","template":"","meta":{"_et_pb_use_builder":"on","_et_pb_old_content":"<p dir=\"ltr\"><span style=\"font-family: Arial\">This is an online course on Biblical Preaching for both beginning and advanced students.\u00a0 Whether you are a pastor, an aspiring preacher, or a Bible study leader who needs to preach or regularly teach the Bible, this course is for you. This course will provide you with the essential foundation for the sound expository study of God\u2019s word, which becomes the heart of your sermon structure or your discussion points.<\/span><\/p>\r\n<p dir=\"ltr\"><span style=\"font-family: Arial\">The goal of this course is to enhance the expository preaching and teaching skills of those who communicate God\u2019s Word regularly and effectively using a dependable procedure.<\/span><\/p>\r\n<p dir=\"ltr\"><span style=\"font-family: Arial\">Based on the field-tested and popularly recognized method of Scripture Sculpture, Dr. Ramesh Richard will teach you how to prepare Bible-based, life-changing messages. You will learn how to simplify the sermon preparation process and deliver biblically faithful and audience-relevant sermons.<\/span><\/p>\r\n<p dir=\"ltr\"><span style=\"font-family: Arial\">This course covers eight chapters and comes with a video and a workbook.\u00a0 Students must comply with each reading assignment and homework at the end of each session before proceeding to the next in order to qualify for a Certificate in Biblical Preaching.<\/span><\/p>","_et_gb_content_width":""},"product_brand":[],"product_cat":[68],"product_tag":[],"class_list":{"0":"post-225450","1":"product","2":"type-product","3":"status-publish","4":"has-post-thumbnail","6":"product_cat-cursos-online","8":"first","9":"instock","10":"downloadable","11":"virtual","12":"sold-individually","13":"purchasable","14":"product-type-simple"},"_links":{"self":[{"href":"https:\/\/rreachtraining.org\/pt-pt\/wp-json\/wp\/v2\/product\/225450","targetHints":{"allow":["GET"]}}],"collection":[{"href":"https:\/\/rreachtraining.org\/pt-pt\/wp-json\/wp\/v2\/product"}],"about":[{"href":"https:\/\/rreachtraining.org\/pt-pt\/wp-json\/wp\/v2\/types\/product"}],"replies":[{"embeddable":true,"href":"https:\/\/rreachtraining.org\/pt-pt\/wp-json\/wp\/v2\/comments?post=225450"}],"wp:featuredmedia":[{"embeddable":true,"href":"https:\/\/rreachtraining.org\/pt-pt\/wp-json\/wp\/v2\/media\/225556"}],"wp:attachment":[{"href":"https:\/\/rreachtraining.org\/pt-pt\/wp-json\/wp\/v2\/media?parent=225450"}],"wp:term":[{"taxonomy":"product_brand","embeddable":true,"href":"https:\/\/rreachtraining.org\/pt-pt\/wp-json\/wp\/v2\/product_brand?post=225450"},{"taxonomy":"product_cat","embeddable":true,"href":"https:\/\/rreachtraining.org\/pt-pt\/wp-json\/wp\/v2\/product_cat?post=225450"},{"taxonomy":"product_tag","embeddable":true,"href":"https:\/\/rreachtraining.org\/pt-pt\/wp-json\/wp\/v2\/product_tag?post=225450"}],"curies":[{"name":"wp","href":"https:\/\/api.w.org\/{rel}","templated":true}]}}